{"id":7573,"date":"2026-04-08T10:31:52","date_gmt":"2026-04-08T08:31:52","guid":{"rendered":"https:\/\/denox.eu\/producto\/eurobox-38l\/"},"modified":"2026-04-08T10:31:52","modified_gmt":"2026-04-08T08:31:52","slug":"eurobox-38l","status":"publish","type":"product","link":"https:\/\/denox.eu\/fr\/producto\/eurobox-38l\/","title":{"rendered":"Eurobox 38L."},"content":{"rendered":"","protected":false},"excerpt":{"rendered":"<ul>\n<li>Bo\u00eetes solides et durables, plus r\u00e9sistantes et plus \u00e9paisses.<\/li>\n<li>Munies de poign\u00e9es assurant la fermeture, empilables avec couvercle et embo\u00eetables sans couvercle.<\/li>\n<\/ul>\n<p class=\"prod-desc-resaltado\">Dimensions (mm): 590 x 400 x 220<\/p>\n<p class=\"prod-desc-unidades\"><img decoding=\"async\" class=\"prod-desc-icon\" role=\"img\" src=\"\/wp-content\/uploads\/icon-box-cont.svg\">  4<\/p>\n<p class=\"prod-desc-unidades\"><img decoding=\"async\" class=\"prod-desc-icon\" role=\"img\" src=\"\/wp-content\/uploads\/icon-pallet-box.svg\"> 64 u.<\/p>\n<p><img decoding=\"async\" class=\"prod-carac-icon\" src=\"\/wp-content\/uploads\/icon-prod-color-gris.svg\"><img decoding=\"async\" class=\"prod-carac-icon\" src=\"\/wp-content\/uploads\/icon-prod-capnobag-38.svg\"><img decoding=\"async\" class=\"prod-carac-icon\" src=\"\/wp-content\/uploads\/icon-prod-carac-caja-apilable.svg\"><img decoding=\"async\" class=\"prod-carac-icon\" src=\"\/wp-content\/uploads\/icon-prod-carac-caja-encajable.svg\"><\/p>\n","protected":false},"featured_media":5693,"template":"","meta":[],"product_cat":[241,242],"product_tag":[],"_links":{"self":[{"href":"https:\/\/denox.eu\/fr\/wp-json\/wp\/v2\/product\/7573"}],"collection":[{"href":"https:\/\/denox.eu\/fr\/wp-json\/wp\/v2\/product"}],"about":[{"href":"https:\/\/denox.eu\/fr\/wp-json\/wp\/v2\/types\/product"}],"wp:featuredmedia":[{"embeddable":true,"href":"https:\/\/denox.eu\/fr\/wp-json\/wp\/v2\/media\/5693"}],"wp:attachment":[{"href":"https:\/\/denox.eu\/fr\/wp-json\/wp\/v2\/media?parent=7573"}],"wp:term":[{"taxonomy":"product_cat","embeddable":true,"href":"https:\/\/denox.eu\/fr\/wp-json\/wp\/v2\/product_cat?post=7573"},{"taxonomy":"product_tag","embeddable":true,"href":"https:\/\/denox.eu\/fr\/wp-json\/wp\/v2\/product_tag?post=7573"}],"curies":[{"name":"wp","href":"https:\/\/api.w.org\/{rel}","templated":true}]}}