{"id":7000,"date":"2023-05-02T16:39:06","date_gmt":"2023-05-02T14:39:06","guid":{"rendered":"https:\/\/denox.eu\/?post_type=product&#038;p=7000"},"modified":"2023-05-02T16:50:46","modified_gmt":"2023-05-02T14:50:46","slug":"caisse-empilable-semi-emboitable-21-litres","status":"publish","type":"product","link":"https:\/\/denox.eu\/fr\/producto\/caisse-empilable-semi-emboitable-21-litres\/","title":{"rendered":"Caisse empilable et semi-embo\u00eetable 21 L"},"content":{"rendered":"","protected":false},"excerpt":{"rendered":"<ul>\n<li>Bo\u00eetes solides.<\/li>\n<li>La qualit\u00e9 alimentaire a \u00e9t\u00e9 prouv\u00e9e et les essais de migration ont \u00e9t\u00e9 effectu\u00e9s avec succ\u00e8s.<\/li>\n<\/ul>\n<p class=\"prod-desc-resaltado\">Medidas (mm) : 600x 400 x 200<\/p>\n<p class=\"prod-desc-unidades\"><img decoding=\"async\" class=\"prod-desc-icon\" role=\"img\" src=\"\/wp-content\/uploads\/icon-box-cont.svg\">  1<\/p>\n<p class=\"prod-desc-unidades\"><img decoding=\"async\" class=\"prod-desc-icon\" role=\"img\" src=\"\/wp-content\/uploads\/icon-pallet-box.svg\"> 84 u.<\/p>\n<p><img decoding=\"async\" class=\"prod-carac-icon\" src=\"\/wp-content\/uploads\/icon-prod-color-blanco.svg\"><img decoding=\"async\" class=\"prod-carac-icon\" src=\"\/wp-content\/uploads\/icon-prod-capnobag-21.svg\" width=\"60\" height=\"60\"><img decoding=\"async\" class=\"prod-carac-icon\" src=\"\/wp-content\/uploads\/icon-prod-carac-alimentacion.svg\"><img decoding=\"async\" class=\"prod-carac-icon\" src=\"\/wp-content\/uploads\/icon-prod-carac-caja-apilable.svg\"><img decoding=\"async\" class=\"prod-carac-icon\" src=\"\/wp-content\/uploads\/icon-prod-sizing-70180.png\"><\/p>\n","protected":false},"featured_media":7003,"template":"","meta":[],"product_cat":[226,231],"product_tag":[],"_links":{"self":[{"href":"https:\/\/denox.eu\/fr\/wp-json\/wp\/v2\/product\/7000"}],"collection":[{"href":"https:\/\/denox.eu\/fr\/wp-json\/wp\/v2\/product"}],"about":[{"href":"https:\/\/denox.eu\/fr\/wp-json\/wp\/v2\/types\/product"}],"wp:featuredmedia":[{"embeddable":true,"href":"https:\/\/denox.eu\/fr\/wp-json\/wp\/v2\/media\/7003"}],"wp:attachment":[{"href":"https:\/\/denox.eu\/fr\/wp-json\/wp\/v2\/media?parent=7000"}],"wp:term":[{"taxonomy":"product_cat","embeddable":true,"href":"https:\/\/denox.eu\/fr\/wp-json\/wp\/v2\/product_cat?post=7000"},{"taxonomy":"product_tag","embeddable":true,"href":"https:\/\/denox.eu\/fr\/wp-json\/wp\/v2\/product_tag?post=7000"}],"curies":[{"name":"wp","href":"https:\/\/api.w.org\/{rel}","templated":true}]}}