{"id":6957,"date":"2023-04-28T13:45:26","date_gmt":"2023-04-28T11:45:26","guid":{"rendered":"https:\/\/denox.eu\/?post_type=product&#038;p=6957"},"modified":"2023-04-28T16:05:12","modified_gmt":"2023-04-28T14:05:12","slug":"poubelle-oscar-43-litros-recyclage","status":"publish","type":"product","link":"https:\/\/denox.eu\/fr\/producto\/poubelle-oscar-43-litros-recyclage\/","title":{"rendered":"Poubelle \u00d3scar 43 litros (recyclage)"},"content":{"rendered":"","protected":false},"excerpt":{"rendered":"<ul>\n<li>Poubelle pour la maison et le jardin avec design vintage.<\/li>\n<li>Fabriqu\u00e9 avec des mat\u00e9riaux recycl\u00e9s.<\/li>\n<li>Couvercle d&rsquo;appui.<\/li>\n<\/ul>\n<p class=\"prod-desc-resaltado\">Dimensions (mm): \u00d8 420 x 480<\/p>\n<p class=\"prod-desc-unidades\"><img decoding=\"async\" class=\"prod-desc-icon\" role=\"img\" src=\"\/wp-content\/uploads\/icon-box-cont.svg\">  6<\/p>\n<p class=\"prod-desc-unidades\"><img decoding=\"async\" class=\"prod-desc-icon\" role=\"img\" src=\"\/wp-content\/uploads\/icon-pallet-box.svg\"> 72 u.<\/p>\n<p><img decoding=\"async\" class=\"prod-carac-icon\" src=\"\/wp-content\/uploads\/icon-prod-color-negro.svg\"><img decoding=\"async\" class=\"prod-carac-icon\" src=\"\/wp-content\/uploads\/icon-prod-carac-encajable.svg\"><\/p>\n","protected":false},"featured_media":6960,"template":"","meta":[],"product_cat":[215,220],"product_tag":[],"_links":{"self":[{"href":"https:\/\/denox.eu\/fr\/wp-json\/wp\/v2\/product\/6957"}],"collection":[{"href":"https:\/\/denox.eu\/fr\/wp-json\/wp\/v2\/product"}],"about":[{"href":"https:\/\/denox.eu\/fr\/wp-json\/wp\/v2\/types\/product"}],"wp:featuredmedia":[{"embeddable":true,"href":"https:\/\/denox.eu\/fr\/wp-json\/wp\/v2\/media\/6960"}],"wp:attachment":[{"href":"https:\/\/denox.eu\/fr\/wp-json\/wp\/v2\/media?parent=6957"}],"wp:term":[{"taxonomy":"product_cat","embeddable":true,"href":"https:\/\/denox.eu\/fr\/wp-json\/wp\/v2\/product_cat?post=6957"},{"taxonomy":"product_tag","embeddable":true,"href":"https:\/\/denox.eu\/fr\/wp-json\/wp\/v2\/product_tag?post=6957"}],"curies":[{"name":"wp","href":"https:\/\/api.w.org\/{rel}","templated":true}]}}