{"id":6938,"date":"2023-04-28T09:56:52","date_gmt":"2023-04-28T07:56:52","guid":{"rendered":"https:\/\/denox.eu\/?post_type=product&#038;p=6938"},"modified":"2023-05-12T15:22:21","modified_gmt":"2023-05-12T13:22:21","slug":"bac-gn-1-1-h40","status":"publish","type":"product","link":"https:\/\/denox.eu\/fr\/producto\/bac-gn-1-1-h40\/","title":{"rendered":"BAC GN 1\/1 H40"},"content":{"rendered":"","protected":false},"excerpt":{"rendered":"<ul>\n<li>Bac Gastronorm en m\u00e9lamine noir brillant.<\/li>\n<li>Sp\u00e9cial pour la pr\u00e9sentation des aliments.<\/li>\n<li>La m\u00e9lamine offre une plus grande durabilit\u00e9 en raison de sa plus grande r\u00e9sistance aux chocs et de son poids r\u00e9duit.<\/li>\n<li>Apte pour le lave-vaisselle.<\/li>\n<\/ul>\n<p class=\"prod-desc-resaltado\">Dimensions (mm) : 530 x 325 x 40<\/p>\n<p class=\"prod-desc-unidades\"><img decoding=\"async\" class=\"prod-desc-icon\" role=\"img\" src=\"\/wp-content\/uploads\/icon-box-cont.svg\">  6<\/p>\n<p class=\"prod-desc-unidades\"><img decoding=\"async\" class=\"prod-desc-icon\" role=\"img\" src=\"\/wp-content\/uploads\/icon-pallet-box.svg\"> 600 u.<\/p>\n<p><img decoding=\"async\" class=\"prod-carac-icon\" src=\"\/wp-content\/uploads\/icon-prod-carac-alimentacion.svg\"><img decoding=\"async\" class=\"prod-carac-icon\" src=\"\/wp-content\/uploads\/icon-prod-carac-lavavajillas.svg\"><img decoding=\"async\" class=\"prod-carac-icon\" src=\"\/wp-content\/uploads\/icon-prod-carac-caja-encajable.svg\"><\/p>\n","protected":false},"featured_media":6905,"template":"","meta":[],"product_cat":[232,233,235],"product_tag":[],"_links":{"self":[{"href":"https:\/\/denox.eu\/fr\/wp-json\/wp\/v2\/product\/6938"}],"collection":[{"href":"https:\/\/denox.eu\/fr\/wp-json\/wp\/v2\/product"}],"about":[{"href":"https:\/\/denox.eu\/fr\/wp-json\/wp\/v2\/types\/product"}],"wp:featuredmedia":[{"embeddable":true,"href":"https:\/\/denox.eu\/fr\/wp-json\/wp\/v2\/media\/6905"}],"wp:attachment":[{"href":"https:\/\/denox.eu\/fr\/wp-json\/wp\/v2\/media?parent=6938"}],"wp:term":[{"taxonomy":"product_cat","embeddable":true,"href":"https:\/\/denox.eu\/fr\/wp-json\/wp\/v2\/product_cat?post=6938"},{"taxonomy":"product_tag","embeddable":true,"href":"https:\/\/denox.eu\/fr\/wp-json\/wp\/v2\/product_tag?post=6938"}],"curies":[{"name":"wp","href":"https:\/\/api.w.org\/{rel}","templated":true}]}}