{"id":6502,"date":"2022-02-14T10:38:10","date_gmt":"2022-02-14T09:38:10","guid":{"rendered":"https:\/\/denox.eu\/?post_type=product&#038;p=6502"},"modified":"2022-02-17T09:49:07","modified_gmt":"2022-02-17T08:49:07","slug":"poubelle-organique-active-10-litres","status":"publish","type":"product","link":"https:\/\/denox.eu\/fr\/producto\/poubelle-organique-active-10-litres\/","title":{"rendered":"Poubelle organique Active 10 litres"},"content":{"rendered":"","protected":false},"excerpt":{"rendered":"<ul>\n<li>Seau avec filtre \u00e0 charbon pour \u00e9viter les mauvaises odeurs de d\u00e9chets organiques.<\/li>\n<li>Capacit\u00e9 : 10 L.<\/li>\n<li>Con\u00e7u pour le tri des d\u00e9chets organiques.<\/li>\n<li>Fermeture s\u00e9curis\u00e9e en fonction de la position de la poign\u00e9e.<\/li>\n<li>Permet de maintenir le couvercle en place avec la poign\u00e9e.<\/li>\n<li>Facile \u00e0 nettoyer gr\u00e2ce \u00e0 son design arrondi.<\/li>\n<\/ul>\n<p class=\"prod-desc-resaltado\">Dimensions (mm): 235 x 265 x 285<\/p>\n<p class=\"prod-desc-unidades\"><img decoding=\"async\" class=\"prod-desc-icon\" role=\"img\" src=\"\/wp-content\/uploads\/icon-box-cont.svg\" \/> 4<\/p>\n<p class=\"prod-desc-unidades\"><img decoding=\"async\" class=\"prod-desc-icon\" role=\"img\" src=\"\/wp-content\/uploads\/icon-pallet-box.svg\" \/> 192 u.<\/p>\n<p><img decoding=\"async\" class=\"prod-carac-icon\" src=\"\/wp-content\/uploads\/icon-prod-color-marron.svg\" \/><img decoding=\"async\" class=\"prod-carac-icon\" src=\"\/wp-content\/uploads\/icon-prod-cap-10.svg\" \/><img decoding=\"async\" class=\"prod-carac-icon\" src=\"\/wp-content\/uploads\/icon-prod-carac-encajable.svg\" \/><img decoding=\"async\" class=\"prod-carac-icon\" src=\"\/wp-content\/uploads\/icon-prod-sizing-13200.png\" \/><\/p>\n","protected":false},"featured_media":6519,"template":"","meta":[],"product_cat":[215,223],"product_tag":[],"_links":{"self":[{"href":"https:\/\/denox.eu\/fr\/wp-json\/wp\/v2\/product\/6502"}],"collection":[{"href":"https:\/\/denox.eu\/fr\/wp-json\/wp\/v2\/product"}],"about":[{"href":"https:\/\/denox.eu\/fr\/wp-json\/wp\/v2\/types\/product"}],"wp:featuredmedia":[{"embeddable":true,"href":"https:\/\/denox.eu\/fr\/wp-json\/wp\/v2\/media\/6519"}],"wp:attachment":[{"href":"https:\/\/denox.eu\/fr\/wp-json\/wp\/v2\/media?parent=6502"}],"wp:term":[{"taxonomy":"product_cat","embeddable":true,"href":"https:\/\/denox.eu\/fr\/wp-json\/wp\/v2\/product_cat?post=6502"},{"taxonomy":"product_tag","embeddable":true,"href":"https:\/\/denox.eu\/fr\/wp-json\/wp\/v2\/product_tag?post=6502"}],"curies":[{"name":"wp","href":"https:\/\/api.w.org\/{rel}","templated":true}]}}