{"id":4968,"date":"2020-12-14T09:18:14","date_gmt":"2020-12-14T08:18:14","guid":{"rendered":"https:\/\/denox.eu\/producto\/caisse-palette-610-l-4-pieds\/"},"modified":"2021-04-22T13:39:57","modified_gmt":"2021-04-22T11:39:57","slug":"caisse-palette-610-l-4p","status":"publish","type":"product","link":"https:\/\/denox.eu\/fr\/producto\/caisse-palette-610-l-4p\/","title":{"rendered":"Caisse-palette 610 L. 4 pieds"},"content":{"rendered":"","protected":false},"excerpt":{"rendered":"<ul>\n<li>Logistique, production, alimentation.<\/li>\n<li>R\u00e9sistantes aux conditions climatiques d\u00e9favorables.<\/li>\n<li>Possibilit\u00e9 d\u2019ajouter des roulettes.<\/li>\n<li>Base et c\u00f4t\u00e9s ferm\u00e9s.<\/li>\n<\/ul>\n<p class=\"prod-desc-resaltado\">Dimensions (mm): 1200 x 1000 x 760<\/p>\n<p class=\"prod-desc-unidades\"><img decoding=\"async\" class=\"prod-desc-icon\" role=\"img\" src=\"\/wp-content\/uploads\/icon-box-cont.svg\" \/> 1<\/p>\n<p class=\"prod-desc-unidades\"><img decoding=\"async\" class=\"prod-desc-icon\" role=\"img\" src=\"\/wp-content\/uploads\/icon-pallet-box.svg\" \/> 2 u.<\/p>\n<p><img decoding=\"async\" class=\"prod-carac-icon\" src=\"\/wp-content\/uploads\/icon-prod-color-gris.svg\" \/><img decoding=\"async\" class=\"prod-carac-icon\" src=\"\/wp-content\/uploads\/icon-prod-capnobag-610.svg\" \/><img decoding=\"async\" class=\"prod-carac-icon\" src=\"\/wp-content\/uploads\/icon-prod-carac-palet-apilable.svg\" \/><\/p>\n","protected":false},"featured_media":6069,"template":"","meta":[],"product_cat":[252,254],"product_tag":[],"_links":{"self":[{"href":"https:\/\/denox.eu\/fr\/wp-json\/wp\/v2\/product\/4968"}],"collection":[{"href":"https:\/\/denox.eu\/fr\/wp-json\/wp\/v2\/product"}],"about":[{"href":"https:\/\/denox.eu\/fr\/wp-json\/wp\/v2\/types\/product"}],"wp:featuredmedia":[{"embeddable":true,"href":"https:\/\/denox.eu\/fr\/wp-json\/wp\/v2\/media\/6069"}],"wp:attachment":[{"href":"https:\/\/denox.eu\/fr\/wp-json\/wp\/v2\/media?parent=4968"}],"wp:term":[{"taxonomy":"product_cat","embeddable":true,"href":"https:\/\/denox.eu\/fr\/wp-json\/wp\/v2\/product_cat?post=4968"},{"taxonomy":"product_tag","embeddable":true,"href":"https:\/\/denox.eu\/fr\/wp-json\/wp\/v2\/product_tag?post=4968"}],"curies":[{"name":"wp","href":"https:\/\/api.w.org\/{rel}","templated":true}]}}