{"id":4878,"date":"2020-12-14T09:20:07","date_gmt":"2020-12-14T08:20:07","guid":{"rendered":"https:\/\/denox.eu\/producto\/seau-espagnol-selecta-16-l-roulettes\/"},"modified":"2021-04-26T13:56:22","modified_gmt":"2021-04-26T11:56:22","slug":"seau-espagnol-selecta-16l-roulettes","status":"publish","type":"product","link":"https:\/\/denox.eu\/fr\/producto\/seau-espagnol-selecta-16l-roulettes\/","title":{"rendered":"Seau espagnol Selecta 16 L. roulettes"},"content":{"rendered":"","protected":false},"excerpt":{"rendered":"<ul>\n<li>\u00c9gouttoir de grande taille avec une excellente capacit\u00e9 d&rsquo;essorage.<\/li>\n<li>Base \u00e9quip\u00e9e de 4 roulettes orientables pour une mobilit\u00e9 ais\u00e9e.<\/li>\n<\/ul>\n<p class=\"prod-desc-resaltado\">Dimensions (mm): 405 x 295 x 340<\/p>\n<p class=\"prod-desc-resaltado\"><a href=\"https:\/\/denox.eu\/personalizacion\/\"><img decoding=\"async\" class=\"prod-carac-icon\" src=\"\/wp-content\/uploads\/icon-prod-custom_es.gif\" \/><\/a><\/p>\n<p class=\"prod-desc-unidades\"><img decoding=\"async\" class=\"prod-desc-icon\" role=\"img\" src=\"\/wp-content\/uploads\/icon-box-cont.svg\" \/> 4<\/p>\n<p class=\"prod-desc-unidades\"><img decoding=\"async\" class=\"prod-desc-icon\" role=\"img\" src=\"\/wp-content\/uploads\/icon-pallet-box.svg\" \/> 96 u.<\/p>\n<p><img decoding=\"async\" class=\"prod-carac-icon\" src=\"\/wp-content\/uploads\/icon-prod-color-azul.svg\" \/><img decoding=\"async\" class=\"prod-carac-icon\" src=\"\/wp-content\/uploads\/icon-prod-color-rojo.svg\" \/><img decoding=\"async\" class=\"prod-carac-icon\" src=\"\/wp-content\/uploads\/icon-prod-color-gris.svg\" \/><\/p>\n","protected":false},"featured_media":5907,"template":"","meta":[],"product_cat":[247,249],"product_tag":[],"_links":{"self":[{"href":"https:\/\/denox.eu\/fr\/wp-json\/wp\/v2\/product\/4878"}],"collection":[{"href":"https:\/\/denox.eu\/fr\/wp-json\/wp\/v2\/product"}],"about":[{"href":"https:\/\/denox.eu\/fr\/wp-json\/wp\/v2\/types\/product"}],"wp:featuredmedia":[{"embeddable":true,"href":"https:\/\/denox.eu\/fr\/wp-json\/wp\/v2\/media\/5907"}],"wp:attachment":[{"href":"https:\/\/denox.eu\/fr\/wp-json\/wp\/v2\/media?parent=4878"}],"wp:term":[{"taxonomy":"product_cat","embeddable":true,"href":"https:\/\/denox.eu\/fr\/wp-json\/wp\/v2\/product_cat?post=4878"},{"taxonomy":"product_tag","embeddable":true,"href":"https:\/\/denox.eu\/fr\/wp-json\/wp\/v2\/product_tag?post=4878"}],"curies":[{"name":"wp","href":"https:\/\/api.w.org\/{rel}","templated":true}]}}