{"id":4875,"date":"2021-03-11T10:15:20","date_gmt":"2021-03-11T09:15:20","guid":{"rendered":"https:\/\/denox.eu\/producto\/seau-avec-egouttoir-selecta-12-l\/"},"modified":"2021-04-22T08:30:04","modified_gmt":"2021-04-22T06:30:04","slug":"seau-avec-egouttoir-selecta-12l","status":"publish","type":"product","link":"https:\/\/denox.eu\/fr\/producto\/seau-avec-egouttoir-selecta-12l\/","title":{"rendered":"Seau avec \u00e9gouttoir Selecta 12 L."},"content":{"rendered":"","protected":false},"excerpt":{"rendered":"<ul>\n<li>Nouveau design.<\/li>\n<li>Indicateur de capacit\u00e9 en litres \u00e0 l&rsquo;int\u00e9rieur.<\/li>\n<li>Grand \u00e9gouttoir avec une grande capacit\u00e9 de drainage.<\/li>\n<\/ul>\n<p class=\"prod-desc-resaltado\">Dimensions (mm): \u00d8 325 x 270<\/p>\n<p class=\"prod-desc-unidades\"><img decoding=\"async\" class=\"prod-desc-icon\" role=\"img\" src=\"\/wp-content\/uploads\/icon-box-cont.svg\" \/> 8<\/p>\n<p class=\"prod-desc-unidades\"><img decoding=\"async\" class=\"prod-desc-icon\" role=\"img\" src=\"\/wp-content\/uploads\/icon-pallet-box.svg\" \/> 128 u.<\/p>\n<p><img decoding=\"async\" class=\"prod-carac-icon\" src=\"\/wp-content\/uploads\/icon-prod-color-azul.svg\" \/><img decoding=\"async\" class=\"prod-carac-icon\" src=\"\/wp-content\/uploads\/icon-prod-color-gris.svg\" \/><\/p>\n","protected":false},"featured_media":5886,"template":"","meta":[],"product_cat":[247,249],"product_tag":[],"_links":{"self":[{"href":"https:\/\/denox.eu\/fr\/wp-json\/wp\/v2\/product\/4875"}],"collection":[{"href":"https:\/\/denox.eu\/fr\/wp-json\/wp\/v2\/product"}],"about":[{"href":"https:\/\/denox.eu\/fr\/wp-json\/wp\/v2\/types\/product"}],"wp:featuredmedia":[{"embeddable":true,"href":"https:\/\/denox.eu\/fr\/wp-json\/wp\/v2\/media\/5886"}],"wp:attachment":[{"href":"https:\/\/denox.eu\/fr\/wp-json\/wp\/v2\/media?parent=4875"}],"wp:term":[{"taxonomy":"product_cat","embeddable":true,"href":"https:\/\/denox.eu\/fr\/wp-json\/wp\/v2\/product_cat?post=4875"},{"taxonomy":"product_tag","embeddable":true,"href":"https:\/\/denox.eu\/fr\/wp-json\/wp\/v2\/product_tag?post=4875"}],"curies":[{"name":"wp","href":"https:\/\/api.w.org\/{rel}","templated":true}]}}