{"id":4870,"date":"2020-12-14T09:19:42","date_gmt":"2020-12-14T08:19:42","guid":{"rendered":"https:\/\/denox.eu\/producto\/chariot-lavage-double-professionnel-30-l\/"},"modified":"2021-04-22T08:29:32","modified_gmt":"2021-04-22T06:29:32","slug":"chariot-lavage-double-professionnel-30l","status":"publish","type":"product","link":"https:\/\/denox.eu\/fr\/producto\/chariot-lavage-double-professionnel-30l\/","title":{"rendered":"Chariot lavage double professionnel 30 L."},"content":{"rendered":"","protected":false},"excerpt":{"rendered":"<ul>\n<li>2 compartiments \u00e0 eau s\u00e9par\u00e9s.<\/li>\n<li>Ouverture au niveau de la base pour faciliter l&rsquo;\u00e9vacuation de l&rsquo;eau.<\/li>\n<li>2 poign\u00e9es.<\/li>\n<li>Roulettes orientables.<\/li>\n<li>Presse avec levier qui facilite l\u2019essorage de la serpilli\u00e8re.<\/li>\n<li>Clip pour la fixation du manche de la serpill\u00e8re.<\/li>\n<\/ul>\n<p class=\"prod-desc-resaltado\">Dimensions (mm): 600 x 400 x 930<\/p>\n<p class=\"prod-desc-unidades\"><img decoding=\"async\" class=\"prod-desc-icon\" role=\"img\" src=\"\/wp-content\/uploads\/icon-box-cont.svg\" \/> 1<\/p>\n<p class=\"prod-desc-unidades\"><img decoding=\"async\" class=\"prod-desc-icon\" role=\"img\" src=\"\/wp-content\/uploads\/icon-pallet-box.svg\" \/> 16 u.<\/p>\n","protected":false},"featured_media":5870,"template":"","meta":[],"product_cat":[247,248],"product_tag":[],"_links":{"self":[{"href":"https:\/\/denox.eu\/fr\/wp-json\/wp\/v2\/product\/4870"}],"collection":[{"href":"https:\/\/denox.eu\/fr\/wp-json\/wp\/v2\/product"}],"about":[{"href":"https:\/\/denox.eu\/fr\/wp-json\/wp\/v2\/types\/product"}],"wp:featuredmedia":[{"embeddable":true,"href":"https:\/\/denox.eu\/fr\/wp-json\/wp\/v2\/media\/5870"}],"wp:attachment":[{"href":"https:\/\/denox.eu\/fr\/wp-json\/wp\/v2\/media?parent=4870"}],"wp:term":[{"taxonomy":"product_cat","embeddable":true,"href":"https:\/\/denox.eu\/fr\/wp-json\/wp\/v2\/product_cat?post=4870"},{"taxonomy":"product_tag","embeddable":true,"href":"https:\/\/denox.eu\/fr\/wp-json\/wp\/v2\/product_tag?post=4870"}],"curies":[{"name":"wp","href":"https:\/\/api.w.org\/{rel}","templated":true}]}}