{"id":4815,"date":"2020-12-14T09:19:23","date_gmt":"2020-12-14T08:19:23","guid":{"rendered":"https:\/\/denox.eu\/producto\/clak-box-jumbo-30l-a-roulettes\/"},"modified":"2025-02-26T16:37:33","modified_gmt":"2025-02-26T15:37:33","slug":"clak-box-jumbo-30l-a-roulettes","status":"publish","type":"product","link":"https:\/\/denox.eu\/fr\/producto\/clak-box-jumbo-30l-a-roulettes\/","title":{"rendered":"Clak Box Jumbo 30L. \u00e0 roulettes"},"content":{"rendered":"","protected":false},"excerpt":{"rendered":"<ul>\n<li>Avec des poign\u00e9es lat\u00e9rales qui assurent la fermeture et une poign\u00e9e centrale qui facilite le transport.<\/li>\n<\/ul>\n<p class=\"prod-desc-resaltado\">Dimensions (mm): 485 x 335 x 300<\/p>\n<p class=\"prod-desc-unidades\"><img decoding=\"async\" class=\"prod-desc-icon\" role=\"img\" src=\"\/wp-content\/uploads\/icon-box-cont.svg\" \/> 3<\/p>\n<p class=\"prod-desc-unidades\"><img decoding=\"async\" class=\"prod-desc-icon\" role=\"img\" src=\"\/wp-content\/uploads\/icon-pallet-box.svg\" \/> 30 u.<\/p>\n<p><img decoding=\"async\" class=\"prod-carac-icon\" src=\"\/wp-content\/uploads\/icon-prod-color-blanco.svg\" \/><img decoding=\"async\" class=\"prod-carac-icon\" src=\"\/wp-content\/uploads\/icon-prod-capnobag-30.svg\" \/><img decoding=\"async\" class=\"prod-carac-icon\" src=\"\/wp-content\/uploads\/icon-prod-carac-caja-apilable.svg\" \/><\/p>\n","protected":false},"featured_media":5762,"template":"","meta":[],"product_cat":[241,244],"product_tag":[],"_links":{"self":[{"href":"https:\/\/denox.eu\/fr\/wp-json\/wp\/v2\/product\/4815"}],"collection":[{"href":"https:\/\/denox.eu\/fr\/wp-json\/wp\/v2\/product"}],"about":[{"href":"https:\/\/denox.eu\/fr\/wp-json\/wp\/v2\/types\/product"}],"wp:featuredmedia":[{"embeddable":true,"href":"https:\/\/denox.eu\/fr\/wp-json\/wp\/v2\/media\/5762"}],"wp:attachment":[{"href":"https:\/\/denox.eu\/fr\/wp-json\/wp\/v2\/media?parent=4815"}],"wp:term":[{"taxonomy":"product_cat","embeddable":true,"href":"https:\/\/denox.eu\/fr\/wp-json\/wp\/v2\/product_cat?post=4815"},{"taxonomy":"product_tag","embeddable":true,"href":"https:\/\/denox.eu\/fr\/wp-json\/wp\/v2\/product_tag?post=4815"}],"curies":[{"name":"wp","href":"https:\/\/api.w.org\/{rel}","templated":true}]}}