{"id":4812,"date":"2020-12-14T09:19:23","date_gmt":"2020-12-14T08:19:23","guid":{"rendered":"https:\/\/denox.eu\/producto\/clak-box-midi-9l\/"},"modified":"2025-02-26T16:28:18","modified_gmt":"2025-02-26T15:28:18","slug":"clak-box-midi-9l-fr","status":"publish","type":"product","link":"https:\/\/denox.eu\/fr\/producto\/clak-box-midi-9l-fr\/","title":{"rendered":"Clak Box Midi 9L."},"content":{"rendered":"","protected":false},"excerpt":{"rendered":"<ul>\n<li>Avec des poign\u00e9es lat\u00e9rales qui assurent la fermeture et une poign\u00e9e centrale qui facilite le transport.<\/li>\n<\/ul>\n<p class=\"prod-desc-resaltado\">Dimensions (mm): 345 x 240 x 180<\/p>\n<p class=\"prod-desc-unidades\"><img decoding=\"async\" class=\"prod-desc-icon\" role=\"img\" src=\"\/wp-content\/uploads\/icon-box-cont.svg\" \/> 4<\/p>\n<p class=\"prod-desc-unidades\"><img decoding=\"async\" class=\"prod-desc-icon\" role=\"img\" src=\"\/wp-content\/uploads\/icon-pallet-box.svg\" \/> 100 u.<\/p>\n<p><img decoding=\"async\" class=\"prod-carac-icon\" src=\"\/wp-content\/uploads\/icon-prod-color-blanco.svg\" \/><img decoding=\"async\" class=\"prod-carac-icon\" src=\"\/wp-content\/uploads\/icon-prod-capnobag-9.svg\" \/><img decoding=\"async\" class=\"prod-carac-icon\" src=\"\/wp-content\/uploads\/icon-prod-carac-caja-apilable.svg\" \/><\/p>\n","protected":false},"featured_media":5744,"template":"","meta":[],"product_cat":[241,244],"product_tag":[],"_links":{"self":[{"href":"https:\/\/denox.eu\/fr\/wp-json\/wp\/v2\/product\/4812"}],"collection":[{"href":"https:\/\/denox.eu\/fr\/wp-json\/wp\/v2\/product"}],"about":[{"href":"https:\/\/denox.eu\/fr\/wp-json\/wp\/v2\/types\/product"}],"wp:featuredmedia":[{"embeddable":true,"href":"https:\/\/denox.eu\/fr\/wp-json\/wp\/v2\/media\/5744"}],"wp:attachment":[{"href":"https:\/\/denox.eu\/fr\/wp-json\/wp\/v2\/media?parent=4812"}],"wp:term":[{"taxonomy":"product_cat","embeddable":true,"href":"https:\/\/denox.eu\/fr\/wp-json\/wp\/v2\/product_cat?post=4812"},{"taxonomy":"product_tag","embeddable":true,"href":"https:\/\/denox.eu\/fr\/wp-json\/wp\/v2\/product_tag?post=4812"}],"curies":[{"name":"wp","href":"https:\/\/api.w.org\/{rel}","templated":true}]}}