{"id":4811,"date":"2020-12-14T09:19:23","date_gmt":"2020-12-14T08:19:23","guid":{"rendered":"https:\/\/denox.eu\/producto\/clak-box-mini-3l\/"},"modified":"2025-02-26T16:27:41","modified_gmt":"2025-02-26T15:27:41","slug":"clak-box-mini-3l-fr","status":"publish","type":"product","link":"https:\/\/denox.eu\/fr\/producto\/clak-box-mini-3l-fr\/","title":{"rendered":"Clak Box Mini 3L."},"content":{"rendered":"","protected":false},"excerpt":{"rendered":"<ul>\n<li>Avec des poign\u00e9es lat\u00e9rales qui assurent la fermeture et une poign\u00e9e centrale qui facilite le transport<\/li>\n<\/ul>\n<p class=\"prod-desc-resaltado\">Dimensions (mm): 250 x 165 x 140<\/p>\n<p class=\"prod-desc-unidades\"><img decoding=\"async\" class=\"prod-desc-icon\" role=\"img\" src=\"\/wp-content\/uploads\/icon-box-cont.svg\" \/> 8<\/p>\n<p class=\"prod-desc-unidades\"><img decoding=\"async\" class=\"prod-desc-icon\" role=\"img\" src=\"\/wp-content\/uploads\/icon-pallet-box.svg\" \/> 288 u.<\/p>\n<p><img decoding=\"async\" class=\"prod-carac-icon\" src=\"\/wp-content\/uploads\/icon-prod-color-blanco.svg\" \/><img decoding=\"async\" class=\"prod-carac-icon\" src=\"\/wp-content\/uploads\/icon-prod-capnobag-3.svg\" \/><img decoding=\"async\" class=\"prod-carac-icon\" src=\"\/wp-content\/uploads\/icon-prod-carac-caja-apilable.svg\" \/><\/p>\n","protected":false},"featured_media":5738,"template":"","meta":[],"product_cat":[241,244],"product_tag":[],"_links":{"self":[{"href":"https:\/\/denox.eu\/fr\/wp-json\/wp\/v2\/product\/4811"}],"collection":[{"href":"https:\/\/denox.eu\/fr\/wp-json\/wp\/v2\/product"}],"about":[{"href":"https:\/\/denox.eu\/fr\/wp-json\/wp\/v2\/types\/product"}],"wp:featuredmedia":[{"embeddable":true,"href":"https:\/\/denox.eu\/fr\/wp-json\/wp\/v2\/media\/5738"}],"wp:attachment":[{"href":"https:\/\/denox.eu\/fr\/wp-json\/wp\/v2\/media?parent=4811"}],"wp:term":[{"taxonomy":"product_cat","embeddable":true,"href":"https:\/\/denox.eu\/fr\/wp-json\/wp\/v2\/product_cat?post=4811"},{"taxonomy":"product_tag","embeddable":true,"href":"https:\/\/denox.eu\/fr\/wp-json\/wp\/v2\/product_tag?post=4811"}],"curies":[{"name":"wp","href":"https:\/\/api.w.org\/{rel}","templated":true}]}}