{"id":4805,"date":"2020-12-14T09:19:23","date_gmt":"2020-12-14T08:19:23","guid":{"rendered":"https:\/\/denox.eu\/producto\/eurobox-60l\/"},"modified":"2026-04-08T10:24:16","modified_gmt":"2026-04-08T08:24:16","slug":"eurobox-60l-avec-roues","status":"publish","type":"product","link":"https:\/\/denox.eu\/fr\/producto\/eurobox-60l-avec-roues\/","title":{"rendered":"Eurobox 60L."},"content":{"rendered":"","protected":false},"excerpt":{"rendered":"<ul>\n<li>Bo\u00eetes solides et durables, plus r\u00e9sistantes et plus \u00e9paisses.<\/li>\n<li>Munies de poign\u00e9es assurant la fermeture, empilables avec couvercle et embo\u00eetables sans couvercle.<\/li>\n<li>Avec des roues renforc\u00e9es de 60 mm de diam\u00e8tre.<\/li>\n<\/ul>\n<p class=\"prod-desc-resaltado\">Dimensions (mm) : 590 x 400 x 380<\/p>\n<p class=\"prod-desc-unidades\"><img decoding=\"async\" class=\"prod-desc-icon\" role=\"img\" src=\"\/wp-content\/uploads\/icon-box-cont.svg\" \/> 4<\/p>\n<p class=\"prod-desc-unidades\"><img decoding=\"async\" class=\"prod-desc-icon\" role=\"img\" src=\"\/wp-content\/uploads\/icon-pallet-box.svg\" \/> 48 u.<\/p>\n<p><img decoding=\"async\" class=\"prod-carac-icon\" src=\"\/wp-content\/uploads\/icon-prod-color-blanco.svg\" \/><img decoding=\"async\" class=\"prod-carac-icon\" src=\"\/wp-content\/uploads\/icon-prod-capnobag-60.svg\" \/><img decoding=\"async\" class=\"prod-carac-icon\" src=\"\/wp-content\/uploads\/icon-prod-carac-caja-apilable.svg\" \/><img decoding=\"async\" class=\"prod-carac-icon\" src=\"\/wp-content\/uploads\/icon-prod-carac-caja-encajable.svg\" \/><\/p>\n","protected":false},"featured_media":5705,"template":"","meta":[],"product_cat":[241,242],"product_tag":[],"_links":{"self":[{"href":"https:\/\/denox.eu\/fr\/wp-json\/wp\/v2\/product\/4805"}],"collection":[{"href":"https:\/\/denox.eu\/fr\/wp-json\/wp\/v2\/product"}],"about":[{"href":"https:\/\/denox.eu\/fr\/wp-json\/wp\/v2\/types\/product"}],"wp:featuredmedia":[{"embeddable":true,"href":"https:\/\/denox.eu\/fr\/wp-json\/wp\/v2\/media\/5705"}],"wp:attachment":[{"href":"https:\/\/denox.eu\/fr\/wp-json\/wp\/v2\/media?parent=4805"}],"wp:term":[{"taxonomy":"product_cat","embeddable":true,"href":"https:\/\/denox.eu\/fr\/wp-json\/wp\/v2\/product_cat?post=4805"},{"taxonomy":"product_tag","embeddable":true,"href":"https:\/\/denox.eu\/fr\/wp-json\/wp\/v2\/product_tag?post=4805"}],"curies":[{"name":"wp","href":"https:\/\/api.w.org\/{rel}","templated":true}]}}