{"id":4803,"date":"2020-12-14T09:19:23","date_gmt":"2020-12-14T08:19:23","guid":{"rendered":"https:\/\/denox.eu\/producto\/eurobox-20l\/"},"modified":"2026-04-08T10:38:12","modified_gmt":"2026-04-08T08:38:12","slug":"eurobox-20l-fr","status":"publish","type":"product","link":"https:\/\/denox.eu\/fr\/producto\/eurobox-20l-fr\/","title":{"rendered":"Eurobox 20L."},"content":{"rendered":"","protected":false},"excerpt":{"rendered":"<ul>\n<li>Bo\u00eetes solides et durables, plus r\u00e9sistantes et plus \u00e9paisses.<\/li>\n<li>Munies de poign\u00e9es assurant la fermeture, empilables avec couvercle et embo\u00eetables sans couvercle.<\/li>\n<\/ul>\n<p class=\"prod-desc-resaltado\">Dimensions (mm): 590 x 400 x 130<\/p>\n<p class=\"prod-desc-unidades\"><img decoding=\"async\" class=\"prod-desc-icon\" role=\"img\" src=\"\/wp-content\/uploads\/icon-box-cont.svg\" \/> 4<\/p>\n<p class=\"prod-desc-unidades\"><img decoding=\"async\" class=\"prod-desc-icon\" role=\"img\" src=\"\/wp-content\/uploads\/icon-pallet-box.svg\" \/> 80 u.<\/p>\n<p><img decoding=\"async\" class=\"prod-carac-icon\" src=\"\/wp-content\/uploads\/icon-prod-color-gris.svg\" \/><img decoding=\"async\" class=\"prod-carac-icon\" src=\"\/wp-content\/uploads\/icon-prod-capnobag-20.svg\" \/><img decoding=\"async\" class=\"prod-carac-icon\" src=\"\/wp-content\/uploads\/icon-prod-carac-caja-apilable.svg\" \/><img decoding=\"async\" class=\"prod-carac-icon\" src=\"\/wp-content\/uploads\/icon-prod-carac-caja-encajable.svg\" \/><\/p>\n","protected":false},"featured_media":5699,"template":"","meta":[],"product_cat":[241,242],"product_tag":[],"_links":{"self":[{"href":"https:\/\/denox.eu\/fr\/wp-json\/wp\/v2\/product\/4803"}],"collection":[{"href":"https:\/\/denox.eu\/fr\/wp-json\/wp\/v2\/product"}],"about":[{"href":"https:\/\/denox.eu\/fr\/wp-json\/wp\/v2\/types\/product"}],"wp:featuredmedia":[{"embeddable":true,"href":"https:\/\/denox.eu\/fr\/wp-json\/wp\/v2\/media\/5699"}],"wp:attachment":[{"href":"https:\/\/denox.eu\/fr\/wp-json\/wp\/v2\/media?parent=4803"}],"wp:term":[{"taxonomy":"product_cat","embeddable":true,"href":"https:\/\/denox.eu\/fr\/wp-json\/wp\/v2\/product_cat?post=4803"},{"taxonomy":"product_tag","embeddable":true,"href":"https:\/\/denox.eu\/fr\/wp-json\/wp\/v2\/product_tag?post=4803"}],"curies":[{"name":"wp","href":"https:\/\/api.w.org\/{rel}","templated":true}]}}