{"id":4711,"date":"2020-12-14T09:18:32","date_gmt":"2020-12-14T08:18:32","guid":{"rendered":"https:\/\/denox.eu\/producto\/presentoir-alimentaire-practic\/"},"modified":"2021-04-20T16:14:05","modified_gmt":"2021-04-20T14:14:05","slug":"presentoir-alimentaire-practic","status":"publish","type":"product","link":"https:\/\/denox.eu\/fr\/producto\/presentoir-alimentaire-practic\/","title":{"rendered":"Pr\u00e9sentoir alimentaire Practic"},"content":{"rendered":"","protected":false},"excerpt":{"rendered":"<p class=\"prod-desc-resaltado\">\n<ul>\n<li>Permettent une pr\u00e9sentation hygi\u00e9nique et s\u00fbre des aliments.<\/li>\n<li>Attrayant et facile \u00e0 nettoyer.<\/li>\n<\/ul>\n<p class=\"prod-desc-resaltado\">Dimensions (mm): 340 x 340 x 160<\/p>\n<p class=\"prod-desc-unidades\"><img decoding=\"async\" src=\"\/wp-content\/uploads\/icon-box-cont.svg\" class=\"prod-desc-icon\" role=\"img\">  2<\/p>\n<p class=\"prod-desc-unidades\"><img decoding=\"async\" src=\"\/wp-content\/uploads\/icon-pallet-box.svg\" class=\"prod-desc-icon\" role=\"img\"> 72 u.<\/p>\n<p><img decoding=\"async\" src=\"\/wp-content\/uploads\/icon-prod-carac-alimentacion.svg\" class=\"prod-carac-icon\"><\/p>\n","protected":false},"featured_media":5580,"template":"","meta":[],"product_cat":[232,233,237],"product_tag":[],"_links":{"self":[{"href":"https:\/\/denox.eu\/fr\/wp-json\/wp\/v2\/product\/4711"}],"collection":[{"href":"https:\/\/denox.eu\/fr\/wp-json\/wp\/v2\/product"}],"about":[{"href":"https:\/\/denox.eu\/fr\/wp-json\/wp\/v2\/types\/product"}],"wp:featuredmedia":[{"embeddable":true,"href":"https:\/\/denox.eu\/fr\/wp-json\/wp\/v2\/media\/5580"}],"wp:attachment":[{"href":"https:\/\/denox.eu\/fr\/wp-json\/wp\/v2\/media?parent=4711"}],"wp:term":[{"taxonomy":"product_cat","embeddable":true,"href":"https:\/\/denox.eu\/fr\/wp-json\/wp\/v2\/product_cat?post=4711"},{"taxonomy":"product_tag","embeddable":true,"href":"https:\/\/denox.eu\/fr\/wp-json\/wp\/v2\/product_tag?post=4711"}],"curies":[{"name":"wp","href":"https:\/\/api.w.org\/{rel}","templated":true}]}}