{"id":4708,"date":"2020-12-14T09:18:14","date_gmt":"2020-12-14T08:18:14","guid":{"rendered":"https:\/\/denox.eu\/producto\/presentoir-alimentaire-premier-junior\/"},"modified":"2021-04-20T16:14:10","modified_gmt":"2021-04-20T14:14:10","slug":"presentoir-alimentaire-premier-junior","status":"publish","type":"product","link":"https:\/\/denox.eu\/fr\/producto\/presentoir-alimentaire-premier-junior\/","title":{"rendered":"Pr\u00e9sentoir alimentaire Premier Junior"},"content":{"rendered":"","protected":false},"excerpt":{"rendered":"<p class=\"prod-desc-resaltado\">\n<ul>\n<li>Permettent une pr\u00e9sentation hygi\u00e9nique et s\u00fbre des aliments.<\/li>\n<li>Esth\u00e9tique agr\u00e9able et facilit\u00e9 de nettoyage.<\/li>\n<li>Petite taille et forme rectangulaire pour les petits espaces d&rsquo;exposition.<\/li>\n<\/ul>\n<p class=\"prod-desc-resaltado\">Dimensions (mm): 380 x 260 x 170<\/p>\n<p class=\"prod-desc-unidades\"><img decoding=\"async\" src=\"\/wp-content\/uploads\/icon-box-cont.svg\" class=\"prod-desc-icon\" role=\"img\">  4<\/p>\n<p class=\"prod-desc-unidades\"><img decoding=\"async\" src=\"\/wp-content\/uploads\/icon-pallet-box.svg\" class=\"prod-desc-icon\" role=\"img\"> 36 u.<\/p>\n<p><img decoding=\"async\" src=\"\/wp-content\/uploads\/icon-prod-carac-alimentacion.svg\" class=\"prod-carac-icon\"><\/p>\n","protected":false},"featured_media":5592,"template":"","meta":[],"product_cat":[232,233,237],"product_tag":[],"_links":{"self":[{"href":"https:\/\/denox.eu\/fr\/wp-json\/wp\/v2\/product\/4708"}],"collection":[{"href":"https:\/\/denox.eu\/fr\/wp-json\/wp\/v2\/product"}],"about":[{"href":"https:\/\/denox.eu\/fr\/wp-json\/wp\/v2\/types\/product"}],"wp:featuredmedia":[{"embeddable":true,"href":"https:\/\/denox.eu\/fr\/wp-json\/wp\/v2\/media\/5592"}],"wp:attachment":[{"href":"https:\/\/denox.eu\/fr\/wp-json\/wp\/v2\/media?parent=4708"}],"wp:term":[{"taxonomy":"product_cat","embeddable":true,"href":"https:\/\/denox.eu\/fr\/wp-json\/wp\/v2\/product_cat?post=4708"},{"taxonomy":"product_tag","embeddable":true,"href":"https:\/\/denox.eu\/fr\/wp-json\/wp\/v2\/product_tag?post=4708"}],"curies":[{"name":"wp","href":"https:\/\/api.w.org\/{rel}","templated":true}]}}