{"id":4701,"date":"2020-12-14T09:18:32","date_gmt":"2020-12-14T08:18:32","guid":{"rendered":"https:\/\/denox.eu\/producto\/planche-a-decouper-professionnelle-400x300\/"},"modified":"2021-04-20T16:14:08","modified_gmt":"2021-04-20T14:14:08","slug":"planche-a-decouper-profesionnelle-400x300","status":"publish","type":"product","link":"https:\/\/denox.eu\/fr\/producto\/planche-a-decouper-profesionnelle-400x300\/","title":{"rendered":"Planche \u00e0 d\u00e9couper professionnelle 400&#215;300"},"content":{"rendered":"","protected":false},"excerpt":{"rendered":"<p class=\"prod-desc-resaltado\">\n<ul>\n<li>Poly\u00e9thyl\u00e8ne haute densit\u00e9. Duret\u00e9 P500.<\/li>\n<li>Emp\u00eache l&rsquo;\u00e9caillage.<\/li>\n<li>\u00c9paisseur professionnelle de 20 mm.<\/li>\n<li>4 supports antid\u00e9rapants.<\/li>\n<li>Disponible en 5 couleurs pour \u00e9viter les contaminations crois\u00e9es.<\/li>\n<\/ul>\n<p class=\"prod-desc-resaltado\">Dimensions (mm): 400 x 300 x 20<\/p>\n<p class=\"prod-desc-unidades\"><img decoding=\"async\" src=\"\/wp-content\/uploads\/icon-box-cont.svg\" class=\"prod-desc-icon\" role=\"img\">  1<\/p>\n<p class=\"prod-desc-unidades\"><img decoding=\"async\" src=\"\/wp-content\/uploads\/icon-pallet-box.svg\" class=\"prod-desc-icon\" role=\"img\"> 384 u.<\/p>\n<p><img decoding=\"async\" src=\"\/wp-content\/uploads\/icon-prod-color-blanco.svg\" class=\"prod-carac-icon\"><img decoding=\"async\" src=\"\/wp-content\/uploads\/icon-prod-color-azul.svg\" class=\"prod-carac-icon\"><img decoding=\"async\" src=\"\/wp-content\/uploads\/icon-prod-color-verde.svg\" class=\"prod-carac-icon\"><img decoding=\"async\" src=\"\/wp-content\/uploads\/icon-prod-color-rojo.svg\" class=\"prod-carac-icon\"><img decoding=\"async\" src=\"\/wp-content\/uploads\/icon-prod-color-amarillo.svg\" class=\"prod-carac-icon\"><img decoding=\"async\" src=\"\/wp-content\/uploads\/icon-prod-carac-lavavajillas.svg\" class=\"prod-carac-icon\"><img decoding=\"async\" src=\"\/wp-content\/uploads\/icon-prod-carac-alimentacion.svg\" class=\"prod-carac-icon\"><\/p>\n","protected":false},"featured_media":4727,"template":"","meta":[],"product_cat":[232,233,237],"product_tag":[],"_links":{"self":[{"href":"https:\/\/denox.eu\/fr\/wp-json\/wp\/v2\/product\/4701"}],"collection":[{"href":"https:\/\/denox.eu\/fr\/wp-json\/wp\/v2\/product"}],"about":[{"href":"https:\/\/denox.eu\/fr\/wp-json\/wp\/v2\/types\/product"}],"wp:featuredmedia":[{"embeddable":true,"href":"https:\/\/denox.eu\/fr\/wp-json\/wp\/v2\/media\/4727"}],"wp:attachment":[{"href":"https:\/\/denox.eu\/fr\/wp-json\/wp\/v2\/media?parent=4701"}],"wp:term":[{"taxonomy":"product_cat","embeddable":true,"href":"https:\/\/denox.eu\/fr\/wp-json\/wp\/v2\/product_cat?post=4701"},{"taxonomy":"product_tag","embeddable":true,"href":"https:\/\/denox.eu\/fr\/wp-json\/wp\/v2\/product_tag?post=4701"}],"curies":[{"name":"wp","href":"https:\/\/api.w.org\/{rel}","templated":true}]}}