{"id":4687,"date":"2020-12-14T09:18:14","date_gmt":"2020-12-14T08:18:14","guid":{"rendered":"https:\/\/denox.eu\/producto\/bandenox-petit\/"},"modified":"2021-04-20T15:44:46","modified_gmt":"2021-04-20T13:44:46","slug":"bandenox-petit","status":"publish","type":"product","link":"https:\/\/denox.eu\/fr\/producto\/bandenox-petit\/","title":{"rendered":"Bandenox petit"},"content":{"rendered":"","protected":false},"excerpt":{"rendered":"<p class=\"prod-desc-resaltado\">\n<ul>\n<li>Adapt\u00e9 \u00e0 un usage alimentaire et \u00e0 un nettoyage au lave-vaisselle.<\/li>\n<li>Rigidit\u00e9 et r\u00e9sistance \u00e9lev\u00e9e aux chocs.<\/li>\n<\/ul>\n<p class=\"prod-desc-resaltado\">Dimensions (mm): 420 x 320 x 620<\/p>\n<p class=\"prod-desc-unidades\"><img decoding=\"async\" src=\"\/wp-content\/uploads\/icon-box-cont.svg\" class=\"prod-desc-icon\" role=\"img\">  6<\/p>\n<p class=\"prod-desc-unidades\"><img decoding=\"async\" src=\"\/wp-content\/uploads\/icon-pallet-box.svg\" class=\"prod-desc-icon\" role=\"img\"> 144 u.<\/p>\n<p><img decoding=\"async\" src=\"\/wp-content\/uploads\/icon-prod-color-negro.svg\" class=\"prod-carac-icon\"><img decoding=\"async\" src=\"\/wp-content\/uploads\/icon-prod-color-blanco.svg\" class=\"prod-carac-icon\"><img decoding=\"async\" src=\"\/wp-content\/uploads\/icon-prod-carac-lavavajillas.svg\" class=\"prod-carac-icon\"><img decoding=\"async\" src=\"\/wp-content\/uploads\/icon-prod-carac-alimentacion.svg\" class=\"prod-carac-icon\"><img decoding=\"async\" src=\"\/wp-content\/uploads\/icon-prod-carac-caja-encajable.svg\" class=\"prod-carac-icon\"><\/p>\n<p class=\"prod-desc-resaltado\"><a href=\"https:\/\/denox.eu\/personalizacion\/\"><img decoding=\"async\" class=\"prod-carac-icon\" src=\"\/wp-content\/uploads\/icon-prod-custom_es.gif\"><\/a><\/p>\n","protected":false},"featured_media":4690,"template":"","meta":[],"product_cat":[232,233,236],"product_tag":[],"_links":{"self":[{"href":"https:\/\/denox.eu\/fr\/wp-json\/wp\/v2\/product\/4687"}],"collection":[{"href":"https:\/\/denox.eu\/fr\/wp-json\/wp\/v2\/product"}],"about":[{"href":"https:\/\/denox.eu\/fr\/wp-json\/wp\/v2\/types\/product"}],"wp:featuredmedia":[{"embeddable":true,"href":"https:\/\/denox.eu\/fr\/wp-json\/wp\/v2\/media\/4690"}],"wp:attachment":[{"href":"https:\/\/denox.eu\/fr\/wp-json\/wp\/v2\/media?parent=4687"}],"wp:term":[{"taxonomy":"product_cat","embeddable":true,"href":"https:\/\/denox.eu\/fr\/wp-json\/wp\/v2\/product_cat?post=4687"},{"taxonomy":"product_tag","embeddable":true,"href":"https:\/\/denox.eu\/fr\/wp-json\/wp\/v2\/product_tag?post=4687"}],"curies":[{"name":"wp","href":"https:\/\/api.w.org\/{rel}","templated":true}]}}