{"id":4622,"date":"2020-12-14T09:16:41","date_gmt":"2020-12-14T08:16:41","guid":{"rendered":"https:\/\/denox.eu\/producto\/allergene-gastronox-1-2-h150\/"},"modified":"2020-12-14T09:16:41","modified_gmt":"2020-12-14T08:16:41","slug":"allergene-gastronox-1-2-h150","status":"publish","type":"product","link":"https:\/\/denox.eu\/fr\/producto\/allergene-gastronox-1-2-h150\/","title":{"rendered":"Allerg\u00e8ne Gastronox 1\/2 H150"},"content":{"rendered":"","protected":false},"excerpt":{"rendered":"<p class=\"prod-desc-resaltado\">\n<ul>\n<li>Herm\u00e9tique et disponible en violet pour s\u00e9parer les aliments risquant de provoquer des allergies.<\/li>\n<li>Herm\u00e9tiques avec couvercle \u00e0 double verrouillage et ouverture facile au niveau des coins.<\/li>\n<li>Sans bisph\u00e9nol. Qualit\u00e9 alimentaire conforme aux normes internationales, v\u00e9rifi\u00e9e avec des essais de migration.<\/li>\n<li>\u00c9tiquette permettant d&rsquo;identifier les allerg\u00e8nes conform\u00e9ment \u00e0 la directive UE 1169\/2011.<\/li>\n<li>Clip color\u00e9 pour l&rsquo;identification des aliments.<\/li>\n<li>Robustesse et r\u00e9sistance \u00e0 la fatigue \u00e9prouv\u00e9es.<\/li>\n<\/ul>\n<p class=\"prod-desc-resaltado\">Dimensions (mm): 325 x 265 x 150<br \/>Capacit\u00e9: 10L.<\/p>\n<p class=\"prod-desc-unidades\"><img decoding=\"async\" src=\"\/wp-content\/uploads\/icon-box-cont.svg\" class=\"prod-desc-icon\" role=\"img\">  6<\/p>\n<p class=\"prod-desc-unidades\"><img decoding=\"async\" src=\"\/wp-content\/uploads\/icon-pallet-box.svg\" class=\"prod-desc-icon\" role=\"img\"> 360 u.<\/p>\n<p><img decoding=\"async\" src=\"\/wp-content\/uploads\/icon-prod-color-morado.svg\" class=\"prod-carac-icon\"><img decoding=\"async\" src=\"\/wp-content\/uploads\/icon-prod-carac-gastronox.png\" class=\"prod-carac-icon\"><img decoding=\"async\" src=\"\/wp-content\/uploads\/icon-prod-carac-microondas.svg\" class=\"prod-carac-icon\"><img decoding=\"async\" src=\"\/wp-content\/uploads\/icon-prod-carac-lavavajillas.svg\" class=\"prod-carac-icon\"><img decoding=\"async\" src=\"\/wp-content\/uploads\/icon-prod-carac-alimentacion.svg\" class=\"prod-carac-icon\"><img decoding=\"async\" src=\"\/wp-content\/uploads\/icon-prod-carac-caja-encajable.svg\" class=\"prod-carac-icon\"><img decoding=\"async\" src=\"\/wp-content\/uploads\/icon-prod-carac-bpa.svg\" class=\"prod-carac-icon\"><\/p>\n","protected":false},"featured_media":5534,"template":"","meta":[],"product_cat":[232,233,234],"product_tag":[],"_links":{"self":[{"href":"https:\/\/denox.eu\/fr\/wp-json\/wp\/v2\/product\/4622"}],"collection":[{"href":"https:\/\/denox.eu\/fr\/wp-json\/wp\/v2\/product"}],"about":[{"href":"https:\/\/denox.eu\/fr\/wp-json\/wp\/v2\/types\/product"}],"wp:featuredmedia":[{"embeddable":true,"href":"https:\/\/denox.eu\/fr\/wp-json\/wp\/v2\/media\/5534"}],"wp:attachment":[{"href":"https:\/\/denox.eu\/fr\/wp-json\/wp\/v2\/media?parent=4622"}],"wp:term":[{"taxonomy":"product_cat","embeddable":true,"href":"https:\/\/denox.eu\/fr\/wp-json\/wp\/v2\/product_cat?post=4622"},{"taxonomy":"product_tag","embeddable":true,"href":"https:\/\/denox.eu\/fr\/wp-json\/wp\/v2\/product_tag?post=4622"}],"curies":[{"name":"wp","href":"https:\/\/api.w.org\/{rel}","templated":true}]}}