{"id":4593,"date":"2020-12-14T09:16:41","date_gmt":"2020-12-14T08:16:41","guid":{"rendered":"https:\/\/denox.eu\/producto\/gastronox-1-1-h65\/"},"modified":"2021-10-21T17:09:55","modified_gmt":"2021-10-21T15:09:55","slug":"gastronox-1-1-h65-2","status":"publish","type":"product","link":"https:\/\/denox.eu\/fr\/producto\/gastronox-1-1-h65-2\/","title":{"rendered":"Gastronox 1\/1 H65"},"content":{"rendered":"","protected":false},"excerpt":{"rendered":"<h2>Bo\u00eete alimentaire Gastronorm 1\/1 H65<\/h2>\n<ul>\n<li>Bo\u00eete alimentaire profesional avec couvercle.<\/li>\n<li>Sans bisph\u00e9nol. Qualit\u00e9 alimentaire conforme aux normes internationales, v\u00e9rifi\u00e9e avec des essais de migration.<\/li>\n<li>\u00c9tiquette de tra\u00e7abilit\u00e9 int\u00e9gr\u00e9e.<\/li>\n<li>Clip color\u00e9 pour l&rsquo;identification des aliments.<\/li>\n<li>Robustesse et r\u00e9sistance \u00e0 la fatigue \u00e9prouv\u00e9es.<\/li>\n<\/ul>\n<p class=\"prod-desc-resaltado\">Dimensions (mm): 530 x 325 x 65<br \/>Capacit\u00e9: 9L.<\/p>\n<p class=\"prod-desc-unidades\"><img decoding=\"async\" src=\"\/wp-content\/uploads\/icon-box-cont.svg\" class=\"prod-desc-icon\" role=\"img\">  6<\/p>\n<p class=\"prod-desc-unidades\"><img decoding=\"async\" src=\"\/wp-content\/uploads\/icon-pallet-box.svg\" class=\"prod-desc-icon\" role=\"img\"> 168 u.<\/p>\n<p><img decoding=\"async\" src=\"\/wp-content\/uploads\/icon-prod-carac-gastronox.png\" class=\"prod-carac-icon\"><img decoding=\"async\" src=\"\/wp-content\/uploads\/icon-prod-carac-microondas.svg\" class=\"prod-carac-icon\"><img decoding=\"async\" src=\"\/wp-content\/uploads\/icon-prod-carac-lavavajillas.svg\" class=\"prod-carac-icon\"><img decoding=\"async\" src=\"\/wp-content\/uploads\/icon-prod-carac-alimentacion.svg\" class=\"prod-carac-icon\"><img decoding=\"async\" src=\"\/wp-content\/uploads\/icon-prod-carac-caja-encajable.svg\" class=\"prod-carac-icon\"><img decoding=\"async\" src=\"\/wp-content\/uploads\/icon-prod-carac-bpa.svg\" class=\"prod-carac-icon\"><\/p>\n","protected":false},"featured_media":5513,"template":"","meta":[],"product_cat":[232,233,234],"product_tag":[],"_links":{"self":[{"href":"https:\/\/denox.eu\/fr\/wp-json\/wp\/v2\/product\/4593"}],"collection":[{"href":"https:\/\/denox.eu\/fr\/wp-json\/wp\/v2\/product"}],"about":[{"href":"https:\/\/denox.eu\/fr\/wp-json\/wp\/v2\/types\/product"}],"wp:featuredmedia":[{"embeddable":true,"href":"https:\/\/denox.eu\/fr\/wp-json\/wp\/v2\/media\/5513"}],"wp:attachment":[{"href":"https:\/\/denox.eu\/fr\/wp-json\/wp\/v2\/media?parent=4593"}],"wp:term":[{"taxonomy":"product_cat","embeddable":true,"href":"https:\/\/denox.eu\/fr\/wp-json\/wp\/v2\/product_cat?post=4593"},{"taxonomy":"product_tag","embeddable":true,"href":"https:\/\/denox.eu\/fr\/wp-json\/wp\/v2\/product_tag?post=4593"}],"curies":[{"name":"wp","href":"https:\/\/api.w.org\/{rel}","templated":true}]}}