{"id":4576,"date":"2020-12-14T09:17:37","date_gmt":"2020-12-14T08:17:37","guid":{"rendered":"https:\/\/denox.eu\/producto\/caisse-empilable-emboitable-35-litres\/"},"modified":"2021-04-20T12:48:27","modified_gmt":"2021-04-20T10:48:27","slug":"caisse-empilable-emboitable-35-litros","status":"publish","type":"product","link":"https:\/\/denox.eu\/fr\/producto\/caisse-empilable-emboitable-35-litros\/","title":{"rendered":"Caisse empilable &#8211; embo\u00eetable 35 litres"},"content":{"rendered":"","protected":false},"excerpt":{"rendered":"<p class=\"prod-desc-resaltado\">\n<ul>\n<li>La qualit\u00e9 alimentaire a \u00e9t\u00e9 prouv\u00e9e et les essais de migration ont \u00e9t\u00e9 effectu\u00e9s avec succ\u00e8s.<\/li>\n<li>Supportent des temp\u00e9ratures comprises entre -40\u00baC et +75\u00baC.<\/li>\n<\/ul>\n<p class=\"prod-desc-resaltado\">Dimensions (mm): 500 x 398 x 267<\/p>\n<p class=\"prod-desc-unidades\"><img decoding=\"async\" src=\"\/wp-content\/uploads\/icon-box-cont.svg\" class=\"prod-desc-icon\" role=\"img\">  1<\/p>\n<p class=\"prod-desc-unidades\"><img decoding=\"async\" src=\"\/wp-content\/uploads\/icon-pallet-box.svg\" class=\"prod-desc-icon\" role=\"img\"> 80 u.<\/p>\n<p><img decoding=\"async\" src=\"\/wp-content\/uploads\/icon-prod-color-blanco.svg\" class=\"prod-carac-icon\"><img decoding=\"async\" src=\"\/wp-content\/uploads\/icon-prod-capnobag-35.svg\" class=\"prod-carac-icon\"><img decoding=\"async\" src=\"\/wp-content\/uploads\/icon-prod-carac-alimentacion.svg\" class=\"prod-carac-icon\"><img decoding=\"async\" src=\"\/wp-content\/uploads\/icon-prod-carac-caja-apilable.svg\" class=\"prod-carac-icon\"><img decoding=\"async\" src=\"\/wp-content\/uploads\/icon-prod-carac-caja-encajable.svg\" class=\"prod-carac-icon\"><img decoding=\"async\" src=\"\/wp-content\/uploads\/icon-prod-sizing-70640.png\" class=\"prod-carac-icon\"><\/p>\n","protected":false},"featured_media":5434,"template":"","meta":[],"product_cat":[226,230],"product_tag":[],"_links":{"self":[{"href":"https:\/\/denox.eu\/fr\/wp-json\/wp\/v2\/product\/4576"}],"collection":[{"href":"https:\/\/denox.eu\/fr\/wp-json\/wp\/v2\/product"}],"about":[{"href":"https:\/\/denox.eu\/fr\/wp-json\/wp\/v2\/types\/product"}],"wp:featuredmedia":[{"embeddable":true,"href":"https:\/\/denox.eu\/fr\/wp-json\/wp\/v2\/media\/5434"}],"wp:attachment":[{"href":"https:\/\/denox.eu\/fr\/wp-json\/wp\/v2\/media?parent=4576"}],"wp:term":[{"taxonomy":"product_cat","embeddable":true,"href":"https:\/\/denox.eu\/fr\/wp-json\/wp\/v2\/product_cat?post=4576"},{"taxonomy":"product_tag","embeddable":true,"href":"https:\/\/denox.eu\/fr\/wp-json\/wp\/v2\/product_tag?post=4576"}],"curies":[{"name":"wp","href":"https:\/\/api.w.org\/{rel}","templated":true}]}}