{"id":4556,"date":"2020-12-14T09:17:37","date_gmt":"2020-12-14T08:17:37","guid":{"rendered":"https:\/\/denox.eu\/producto\/caisse-boulangere-ajouree-180-litres\/"},"modified":"2021-06-23T08:43:29","modified_gmt":"2021-06-23T06:43:29","slug":"caisse-boulangere-ajouree-180-litres","status":"publish","type":"product","link":"https:\/\/denox.eu\/fr\/producto\/caisse-boulangere-ajouree-180-litres\/","title":{"rendered":"Caisse ajour\u00e9e 180 litres (boulang\u00e8re)"},"content":{"rendered":"","protected":false},"excerpt":{"rendered":"<ul>\n<li>Caisse boulang\u00e8re ajour\u00e9e<\/li>\n<li>Bo\u00eetes solides.<\/li>\n<li>La qualit\u00e9 alimentaire a \u00e9t\u00e9 prouv\u00e9e et les essais de migration ont \u00e9t\u00e9 effectu\u00e9s avec succ\u00e8s.<\/li>\n<li>Supportent des temp\u00e9ratures comprises entre -40\u00baC et +75\u00baC.<\/li>\n<\/ul>\n<p class=\"prod-desc-resaltado\">Dimensions (mm): 690 x 590 x 565<\/p>\n<p class=\"prod-desc-unidades\"><img decoding=\"async\" class=\"prod-desc-icon\" role=\"img\" src=\"\/wp-content\/uploads\/icon-box-cont.svg\" \/> 1<\/p>\n<p class=\"prod-desc-unidades\"><img decoding=\"async\" class=\"prod-desc-icon\" role=\"img\" src=\"\/wp-content\/uploads\/icon-pallet-box.svg\" \/> 6 u.<\/p>\n<p><img decoding=\"async\" class=\"prod-carac-icon\" src=\"\/wp-content\/uploads\/icon-prod-color-blanco.svg\" \/><img decoding=\"async\" class=\"prod-carac-icon\" src=\"\/wp-content\/uploads\/icon-prod-capnobag-180.svg\" \/><img decoding=\"async\" class=\"prod-carac-icon\" src=\"\/wp-content\/uploads\/icon-prod-carac-alimentacion.svg\" \/><img decoding=\"async\" class=\"prod-carac-icon\" src=\"\/wp-content\/uploads\/icon-prod-carac-caja-apilable.svg\" \/><img decoding=\"async\" class=\"prod-carac-icon\" src=\"\/wp-content\/uploads\/icon-prod-sizing-71800.png\" \/><\/p>\n","protected":false},"featured_media":5422,"template":"","meta":[],"product_cat":[226,228],"product_tag":[],"_links":{"self":[{"href":"https:\/\/denox.eu\/fr\/wp-json\/wp\/v2\/product\/4556"}],"collection":[{"href":"https:\/\/denox.eu\/fr\/wp-json\/wp\/v2\/product"}],"about":[{"href":"https:\/\/denox.eu\/fr\/wp-json\/wp\/v2\/types\/product"}],"wp:featuredmedia":[{"embeddable":true,"href":"https:\/\/denox.eu\/fr\/wp-json\/wp\/v2\/media\/5422"}],"wp:attachment":[{"href":"https:\/\/denox.eu\/fr\/wp-json\/wp\/v2\/media?parent=4556"}],"wp:term":[{"taxonomy":"product_cat","embeddable":true,"href":"https:\/\/denox.eu\/fr\/wp-json\/wp\/v2\/product_cat?post=4556"},{"taxonomy":"product_tag","embeddable":true,"href":"https:\/\/denox.eu\/fr\/wp-json\/wp\/v2\/product_tag?post=4556"}],"curies":[{"name":"wp","href":"https:\/\/api.w.org\/{rel}","templated":true}]}}