{"id":4533,"date":"2020-12-14T09:17:54","date_gmt":"2020-12-14T08:17:54","guid":{"rendered":"https:\/\/denox.eu\/producto\/plateau-roulant-ouvert\/"},"modified":"2025-02-17T09:15:21","modified_gmt":"2025-02-17T08:15:21","slug":"plateau-roulant-ouvert-600x400","status":"publish","type":"product","link":"https:\/\/denox.eu\/fr\/producto\/plateau-roulant-ouvert-600x400\/","title":{"rendered":"Plateau roulant ouvert"},"content":{"rendered":"","protected":false},"excerpt":{"rendered":"<ul>\n<li>4 roues de 75 mm de diam\u00e8tre, silencieuses (en caoutchouc) et orientables.<\/li>\n<li>Ergonomie am\u00e9lior\u00e9e gr\u00e2ce aux fentes qui facilitent le levage des bacs sans poign\u00e9e.<\/li>\n<\/ul>\n<p class=\"prod-desc-resaltado\">Dimensions (mm): 600 x 400<\/p>\n<p class=\"prod-desc-unidades\"><img decoding=\"async\" class=\"prod-desc-icon\" role=\"img\" src=\"\/wp-content\/uploads\/icon-box-cont.svg\" \/> 1<\/p>\n<p class=\"prod-desc-unidades\"><img decoding=\"async\" class=\"prod-desc-icon\" role=\"img\" src=\"\/wp-content\/uploads\/icon-pallet-box.svg\" \/> 34 u.<\/p>\n<p class=\"prod-desc-unidades\"><img decoding=\"async\" class=\"prod-desc-icon\" role=\"img\" src=\"\/wp-content\/uploads\/icon-peso-sop.svg\" \/> 100<\/p>\n<p><img decoding=\"async\" class=\"prod-carac-icon\" src=\"\/wp-content\/uploads\/icon-prod-color-negro.svg\" \/><\/p>\n","protected":false},"featured_media":4538,"template":"","meta":[],"product_cat":[226,227],"product_tag":[],"_links":{"self":[{"href":"https:\/\/denox.eu\/fr\/wp-json\/wp\/v2\/product\/4533"}],"collection":[{"href":"https:\/\/denox.eu\/fr\/wp-json\/wp\/v2\/product"}],"about":[{"href":"https:\/\/denox.eu\/fr\/wp-json\/wp\/v2\/types\/product"}],"wp:featuredmedia":[{"embeddable":true,"href":"https:\/\/denox.eu\/fr\/wp-json\/wp\/v2\/media\/4538"}],"wp:attachment":[{"href":"https:\/\/denox.eu\/fr\/wp-json\/wp\/v2\/media?parent=4533"}],"wp:term":[{"taxonomy":"product_cat","embeddable":true,"href":"https:\/\/denox.eu\/fr\/wp-json\/wp\/v2\/product_cat?post=4533"},{"taxonomy":"product_tag","embeddable":true,"href":"https:\/\/denox.eu\/fr\/wp-json\/wp\/v2\/product_tag?post=4533"}],"curies":[{"name":"wp","href":"https:\/\/api.w.org\/{rel}","templated":true}]}}