{"id":4532,"date":"2020-12-14T09:17:54","date_gmt":"2020-12-14T08:17:54","guid":{"rendered":"https:\/\/denox.eu\/producto\/couvercle-ne-64\/"},"modified":"2025-02-21T09:49:58","modified_gmt":"2025-02-21T08:49:58","slug":"couvercle-ne64","status":"publish","type":"product","link":"https:\/\/denox.eu\/fr\/producto\/couvercle-ne64\/","title":{"rendered":"Couvercle NE 64"},"content":{"rendered":"","protected":false},"excerpt":{"rendered":"<ul>\n<li>Trous permettant de sangler le couvercle de la bo\u00eete.<\/li>\n<li>Fentes pour une ouverture lat\u00e9rale ais\u00e9e.<\/li>\n<li>R\u00e9sistent \u00e0 des temp\u00e9ratures comprises entre -40\u00baC et +75\u00baC.<\/li>\n<\/ul>\n<p class=\"prod-desc-resaltado\">Dimensions (mm): 600 x 400 x 25<\/p>\n<p class=\"prod-desc-unidades\"><img decoding=\"async\" class=\"prod-desc-icon\" role=\"img\" src=\"\/wp-content\/uploads\/icon-box-cont.svg\" \/> 1<\/p>\n<p class=\"prod-desc-unidades\"><img decoding=\"async\" class=\"prod-desc-icon\" role=\"img\" src=\"\/wp-content\/uploads\/icon-pallet-box.svg\" \/>528 u.<\/p>\n<p><img decoding=\"async\" class=\"prod-carac-icon\" src=\"\/wp-content\/uploads\/icon-prod-color-blanco.svg\" \/><img decoding=\"async\" class=\"prod-carac-icon\" src=\"\/wp-content\/uploads\/icon-prod-carac-alimentacion.svg\" \/><\/p>\n","protected":false},"featured_media":4537,"template":"","meta":[],"product_cat":[226,227],"product_tag":[],"_links":{"self":[{"href":"https:\/\/denox.eu\/fr\/wp-json\/wp\/v2\/product\/4532"}],"collection":[{"href":"https:\/\/denox.eu\/fr\/wp-json\/wp\/v2\/product"}],"about":[{"href":"https:\/\/denox.eu\/fr\/wp-json\/wp\/v2\/types\/product"}],"wp:featuredmedia":[{"embeddable":true,"href":"https:\/\/denox.eu\/fr\/wp-json\/wp\/v2\/media\/4537"}],"wp:attachment":[{"href":"https:\/\/denox.eu\/fr\/wp-json\/wp\/v2\/media?parent=4532"}],"wp:term":[{"taxonomy":"product_cat","embeddable":true,"href":"https:\/\/denox.eu\/fr\/wp-json\/wp\/v2\/product_cat?post=4532"},{"taxonomy":"product_tag","embeddable":true,"href":"https:\/\/denox.eu\/fr\/wp-json\/wp\/v2\/product_tag?post=4532"}],"curies":[{"name":"wp","href":"https:\/\/api.w.org\/{rel}","templated":true}]}}