{"id":4523,"date":"2020-12-14T09:17:54","date_gmt":"2020-12-14T08:17:54","guid":{"rendered":"https:\/\/denox.eu\/producto\/caisse-ne-6423\/"},"modified":"2021-04-20T11:38:26","modified_gmt":"2021-04-20T09:38:26","slug":"caisse-ne-6423","status":"publish","type":"product","link":"https:\/\/denox.eu\/fr\/producto\/caisse-ne-6423\/","title":{"rendered":"Caisse NE 6423"},"content":{"rendered":"","protected":false},"excerpt":{"rendered":"<ul>\n<li>Bo\u00eetes solides.<\/li>\n<li>La qualit\u00e9 alimentaire a \u00e9t\u00e9 prouv\u00e9e et les essais de migration ont \u00e9t\u00e9 effectu\u00e9s avec succ\u00e8s.<\/li>\n<li>Supportent des temp\u00e9ratures comprises entre -40\u00baC et +75\u00baC.<\/li>\n<li>Coins renforc\u00e9s.<\/li>\n<\/ul>\n<p class=\"prod-desc-resaltado\">Dimensions (mm): 600 x 400 x 230&gt;<\/p>\n<p class=\"prod-desc-unidades\"><img decoding=\"async\" class=\"prod-desc-icon\" role=\"img\" src=\"\/wp-content\/uploads\/icon-box-cont.svg\">  1<\/p>\n<p class=\"prod-desc-unidades\"><img decoding=\"async\" class=\"prod-desc-icon\" role=\"img\" src=\"\/wp-content\/uploads\/icon-pallet-box.svg\"> 36 u.<\/p>\n<p><img decoding=\"async\" class=\"prod-carac-icon\" src=\"\/wp-content\/uploads\/icon-prod-color-blanco.svg\"><img decoding=\"async\" class=\"prod-carac-icon\" src=\"\/wp-content\/uploads\/icon-prod-capnobag-54.svg\"><img decoding=\"async\" class=\"prod-carac-icon\" src=\"\/wp-content\/uploads\/icon-prod-carac-alimentacion.svg\"><img decoding=\"async\" class=\"prod-carac-icon\" src=\"\/wp-content\/uploads\/icon-prod-carac-caja-apilable.svg\"><img decoding=\"async\" class=\"prod-carac-icon\" src=\"\/wp-content\/uploads\/icon-prod-sizing-70380.png\"><\/p>\n","protected":false},"featured_media":4545,"template":"","meta":[],"product_cat":[226,227],"product_tag":[],"_links":{"self":[{"href":"https:\/\/denox.eu\/fr\/wp-json\/wp\/v2\/product\/4523"}],"collection":[{"href":"https:\/\/denox.eu\/fr\/wp-json\/wp\/v2\/product"}],"about":[{"href":"https:\/\/denox.eu\/fr\/wp-json\/wp\/v2\/types\/product"}],"wp:featuredmedia":[{"embeddable":true,"href":"https:\/\/denox.eu\/fr\/wp-json\/wp\/v2\/media\/4545"}],"wp:attachment":[{"href":"https:\/\/denox.eu\/fr\/wp-json\/wp\/v2\/media?parent=4523"}],"wp:term":[{"taxonomy":"product_cat","embeddable":true,"href":"https:\/\/denox.eu\/fr\/wp-json\/wp\/v2\/product_cat?post=4523"},{"taxonomy":"product_tag","embeddable":true,"href":"https:\/\/denox.eu\/fr\/wp-json\/wp\/v2\/product_tag?post=4523"}],"curies":[{"name":"wp","href":"https:\/\/api.w.org\/{rel}","templated":true}]}}