{"id":4485,"date":"2020-12-14T09:17:17","date_gmt":"2020-12-14T08:17:17","guid":{"rendered":"https:\/\/denox.eu\/producto\/poubelle-organique-10-litres\/"},"modified":"2022-02-17T09:49:17","modified_gmt":"2022-02-17T08:49:17","slug":"poubelle-organique-10-litres","status":"publish","type":"product","link":"https:\/\/denox.eu\/fr\/producto\/poubelle-organique-10-litres\/","title":{"rendered":"Poubelle organique 10 litres"},"content":{"rendered":"","protected":false},"excerpt":{"rendered":"<ul>\n<li>Capacit\u00e9 : 10 L.<\/li>\n<li>Con\u00e7u pour le tri des d\u00e9chets organiques.<\/li>\n<li>Fermeture s\u00e9curis\u00e9e en fonction de la position de la poign\u00e9e.<\/li>\n<li>Permet de maintenir le couvercle en place avec la poign\u00e9e.<\/li>\n<li>Facile \u00e0 nettoyer gr\u00e2ce \u00e0 son design arrondi.<\/li>\n<\/ul>\n<p class=\"prod-desc-resaltado\">Dimensions (mm): 235 x 265 x 285<\/p>\n<p class=\"prod-desc-unidades\"><img decoding=\"async\" class=\"prod-desc-icon\" role=\"img\" src=\"\/wp-content\/uploads\/icon-box-cont.svg\" \/> 4<\/p>\n<p class=\"prod-desc-unidades\"><img decoding=\"async\" class=\"prod-desc-icon\" role=\"img\" src=\"\/wp-content\/uploads\/icon-pallet-box.svg\" \/> 192 u.<\/p>\n<p><img decoding=\"async\" class=\"prod-carac-icon\" src=\"\/wp-content\/uploads\/icon-prod-color-marron.svg\" \/><img decoding=\"async\" class=\"prod-carac-icon\" src=\"\/wp-content\/uploads\/icon-prod-color-gris.svg\" \/><img decoding=\"async\" class=\"prod-carac-icon\" src=\"\/wp-content\/uploads\/icon-prod-color-azul.svg\" \/><img decoding=\"async\" class=\"prod-carac-icon\" src=\"\/wp-content\/uploads\/icon-prod-cap-10.svg\" \/><img decoding=\"async\" class=\"prod-carac-icon\" src=\"\/wp-content\/uploads\/icon-prod-carac-encajable.svg\" \/><img decoding=\"async\" class=\"prod-carac-icon\" src=\"\/wp-content\/uploads\/icon-prod-sizing-13200.png\" \/><\/p>\n","protected":false},"featured_media":5394,"template":"","meta":[],"product_cat":[215,223],"product_tag":[],"_links":{"self":[{"href":"https:\/\/denox.eu\/fr\/wp-json\/wp\/v2\/product\/4485"}],"collection":[{"href":"https:\/\/denox.eu\/fr\/wp-json\/wp\/v2\/product"}],"about":[{"href":"https:\/\/denox.eu\/fr\/wp-json\/wp\/v2\/types\/product"}],"wp:featuredmedia":[{"embeddable":true,"href":"https:\/\/denox.eu\/fr\/wp-json\/wp\/v2\/media\/5394"}],"wp:attachment":[{"href":"https:\/\/denox.eu\/fr\/wp-json\/wp\/v2\/media?parent=4485"}],"wp:term":[{"taxonomy":"product_cat","embeddable":true,"href":"https:\/\/denox.eu\/fr\/wp-json\/wp\/v2\/product_cat?post=4485"},{"taxonomy":"product_tag","embeddable":true,"href":"https:\/\/denox.eu\/fr\/wp-json\/wp\/v2\/product_tag?post=4485"}],"curies":[{"name":"wp","href":"https:\/\/api.w.org\/{rel}","templated":true}]}}