{"id":4463,"date":"2020-12-14T09:17:17","date_gmt":"2020-12-14T08:17:17","guid":{"rendered":"https:\/\/denox.eu\/producto\/poubelle-a-pedal-ecologique-50-litres\/"},"modified":"2021-04-19T17:49:08","modified_gmt":"2021-04-19T15:49:08","slug":"poubelle-a-pedal-ecologique-50-litres","status":"publish","type":"product","link":"https:\/\/denox.eu\/fr\/producto\/poubelle-a-pedal-ecologique-50-litres\/","title":{"rendered":"Poubelle \u00e0 p\u00e9dal Ecologique 50 litres."},"content":{"rendered":"","protected":false},"excerpt":{"rendered":"<p class=\"prod-desc-resaltado\">\n<ul>\n<li>Cette poubelle \u00e0 p\u00e9dale est destin\u00e9e \u00e0 la collecte s\u00e9lective des d\u00e9chets.<\/li>\n<li>Son volume int\u00e9rieur peut \u00eatre subdivis\u00e9 en 2 ou 3 espaces de taille r\u00e9glable pour diff\u00e9rencier les types de d\u00e9chets.<\/li>\n<li>Pratique: les s\u00e9parateurs de d\u00e9chets sont con\u00e7us pour faciliter le maintien des sacs contenant les d\u00e9chets.<\/li>\n<li>R\u00e9sistant, durable et facile \u00e0 nettoyer.<\/li>\n<\/ul>\n<p class=\"prod-desc-resaltado\">Dimensions (mm): 475 x 360 x 480<\/p>\n<p class=\"prod-desc-unidades\"><img decoding=\"async\" src=\"\/wp-content\/uploads\/icon-box-cont.svg\" class=\"prod-desc-icon\" role=\"img\">  1<\/p>\n<p class=\"prod-desc-unidades\"><img decoding=\"async\" src=\"\/wp-content\/uploads\/icon-pallet-box.svg\" class=\"prod-desc-icon\" role=\"img\"> 20 u.<\/p>\n<p><img decoding=\"async\" src=\"\/wp-content\/uploads\/icon-prod-color-blanco.svg\" class=\"prod-carac-icon\"><img decoding=\"async\" src=\"\/wp-content\/uploads\/icon-prod-color-azul.svg\" class=\"prod-carac-icon\"><img decoding=\"async\" src=\"\/wp-content\/uploads\/icon-prod-color-verde.svg\" class=\"prod-carac-icon\"><img decoding=\"async\" src=\"\/wp-content\/uploads\/icon-prod-color-amarillo.svg\" class=\"prod-carac-icon\"><img decoding=\"async\" src=\"\/wp-content\/uploads\/icon-prod-color-gris.svg\" class=\"prod-carac-icon\"><img decoding=\"async\" src=\"\/wp-content\/uploads\/icon-prod-sizing-24160.png\" class=\"prod-carac-icon\"><\/p>\n","protected":false},"featured_media":5388,"template":"","meta":[],"product_cat":[215,222],"product_tag":[],"_links":{"self":[{"href":"https:\/\/denox.eu\/fr\/wp-json\/wp\/v2\/product\/4463"}],"collection":[{"href":"https:\/\/denox.eu\/fr\/wp-json\/wp\/v2\/product"}],"about":[{"href":"https:\/\/denox.eu\/fr\/wp-json\/wp\/v2\/types\/product"}],"wp:featuredmedia":[{"embeddable":true,"href":"https:\/\/denox.eu\/fr\/wp-json\/wp\/v2\/media\/5388"}],"wp:attachment":[{"href":"https:\/\/denox.eu\/fr\/wp-json\/wp\/v2\/media?parent=4463"}],"wp:term":[{"taxonomy":"product_cat","embeddable":true,"href":"https:\/\/denox.eu\/fr\/wp-json\/wp\/v2\/product_cat?post=4463"},{"taxonomy":"product_tag","embeddable":true,"href":"https:\/\/denox.eu\/fr\/wp-json\/wp\/v2\/product_tag?post=4463"}],"curies":[{"name":"wp","href":"https:\/\/api.w.org\/{rel}","templated":true}]}}