{"id":4462,"date":"2020-12-14T09:17:17","date_gmt":"2020-12-14T08:17:17","guid":{"rendered":"https:\/\/denox.eu\/producto\/poubelle-a-pedal-ecologique-40-litres\/"},"modified":"2022-07-06T15:25:42","modified_gmt":"2022-07-06T13:25:42","slug":"poubelle-a-pedal-ecologique-40-litres","status":"publish","type":"product","link":"https:\/\/denox.eu\/fr\/producto\/poubelle-a-pedal-ecologique-40-litres\/","title":{"rendered":"Poubelle \u00e0 p\u00e9dal Ecologique 40 litres."},"content":{"rendered":"","protected":false},"excerpt":{"rendered":"<ul>\n<li>Poubelle pour le recyclage des d\u00e9chets.<\/li>\n<li>Dispose d&rsquo;un s\u00e9parateur permettant \u00e9ventuellement de cr\u00e9er 2 compartiments.<\/li>\n<\/ul>\n<p class=\"prod-desc-resaltado\">Dimensions (mm): 393 x 352 x 470<\/p>\n<p class=\"prod-desc-unidades\"><img decoding=\"async\" class=\"prod-desc-icon\" role=\"img\" src=\"\/wp-content\/uploads\/icon-box-cont.svg\" \/> 4<\/p>\n<p class=\"prod-desc-unidades\"><img decoding=\"async\" class=\"prod-desc-icon\" role=\"img\" src=\"\/wp-content\/uploads\/icon-pallet-box.svg\" \/> 72 u.<\/p>\n<p><img decoding=\"async\" class=\"prod-carac-icon\" src=\"\/wp-content\/uploads\/icon-prod-color-blanco.svg\" \/><img decoding=\"async\" class=\"prod-carac-icon\" src=\"\/wp-content\/uploads\/icon-prod-color-azul.svg\" \/><img decoding=\"async\" class=\"prod-carac-icon\" src=\"\/wp-content\/uploads\/icon-prod-color-verde.svg\" \/><img decoding=\"async\" class=\"prod-carac-icon\" src=\"\/wp-content\/uploads\/icon-prod-color-amarillo.svg\" \/><img decoding=\"async\" class=\"prod-carac-icon\" src=\"\/wp-content\/uploads\/icon-prod-carac-encajable.svg\" \/><img decoding=\"async\" class=\"prod-carac-icon\" src=\"\/wp-content\/uploads\/icon-prod-sizing-24180.png\" \/><\/p>\n","protected":false},"featured_media":5385,"template":"","meta":[],"product_cat":[215,222],"product_tag":[],"_links":{"self":[{"href":"https:\/\/denox.eu\/fr\/wp-json\/wp\/v2\/product\/4462"}],"collection":[{"href":"https:\/\/denox.eu\/fr\/wp-json\/wp\/v2\/product"}],"about":[{"href":"https:\/\/denox.eu\/fr\/wp-json\/wp\/v2\/types\/product"}],"wp:featuredmedia":[{"embeddable":true,"href":"https:\/\/denox.eu\/fr\/wp-json\/wp\/v2\/media\/5385"}],"wp:attachment":[{"href":"https:\/\/denox.eu\/fr\/wp-json\/wp\/v2\/media?parent=4462"}],"wp:term":[{"taxonomy":"product_cat","embeddable":true,"href":"https:\/\/denox.eu\/fr\/wp-json\/wp\/v2\/product_cat?post=4462"},{"taxonomy":"product_tag","embeddable":true,"href":"https:\/\/denox.eu\/fr\/wp-json\/wp\/v2\/product_tag?post=4462"}],"curies":[{"name":"wp","href":"https:\/\/api.w.org\/{rel}","templated":true}]}}