{"id":4461,"date":"2020-12-14T09:17:17","date_gmt":"2020-12-14T08:17:17","guid":{"rendered":"https:\/\/denox.eu\/producto\/poubelle-a-pedal-ecologique-25-litres\/"},"modified":"2021-04-19T17:49:03","modified_gmt":"2021-04-19T15:49:03","slug":"poubelle-a-pedal-ecologique-25-litros","status":"publish","type":"product","link":"https:\/\/denox.eu\/fr\/producto\/poubelle-a-pedal-ecologique-25-litros\/","title":{"rendered":"Poubelle \u00e0 p\u00e9dal Ecologique 25 litres"},"content":{"rendered":"","protected":false},"excerpt":{"rendered":"<ul>\n<li>Poubelle pour le recyclage des d\u00e9chets.<\/li>\n<li>Dispose d&rsquo;un s\u00e9parateur permettant \u00e9ventuellement de cr\u00e9er 2 compartiments.<\/li>\n<li>Comporte des crochets lat\u00e9raux permettant de coupler plusieurs unit\u00e9s.<\/li>\n<\/ul>\n<p class=\"prod-desc-resaltado\">Dimensions (mm): 393 x 270 x 420<\/p>\n<p class=\"prod-desc-unidades\"><img decoding=\"async\" class=\"prod-desc-icon\" role=\"img\" src=\"\/wp-content\/uploads\/icon-box-cont.svg\">  4<\/p>\n<p class=\"prod-desc-unidades\"><img decoding=\"async\" class=\"prod-desc-icon\" role=\"img\" src=\"\/wp-content\/uploads\/icon-pallet-box.svg\"> 96 u.<\/p>\n<p><img decoding=\"async\" class=\"prod-carac-icon\" src=\"\/wp-content\/uploads\/icon-prod-color-blanco.svg\"><img decoding=\"async\" class=\"prod-carac-icon\" src=\"\/wp-content\/uploads\/icon-prod-color-azul.svg\"><img decoding=\"async\" class=\"prod-carac-icon\" src=\"\/wp-content\/uploads\/icon-prod-color-verde.svg\"><img decoding=\"async\" class=\"prod-carac-icon\" src=\"\/wp-content\/uploads\/icon-prod-color-amarillo.svg\"><img decoding=\"async\" class=\"prod-carac-icon\" src=\"\/wp-content\/uploads\/icon-prod-color-marron.svg\"><img decoding=\"async\" class=\"prod-carac-icon\" src=\"\/wp-content\/uploads\/icon-prod-carac-encajable.svg\"><img decoding=\"async\" class=\"prod-carac-icon\" src=\"\/wp-content\/uploads\/icon-prod-sizing-24170.png\"><\/p>\n","protected":false},"featured_media":5382,"template":"","meta":[],"product_cat":[215,222],"product_tag":[],"_links":{"self":[{"href":"https:\/\/denox.eu\/fr\/wp-json\/wp\/v2\/product\/4461"}],"collection":[{"href":"https:\/\/denox.eu\/fr\/wp-json\/wp\/v2\/product"}],"about":[{"href":"https:\/\/denox.eu\/fr\/wp-json\/wp\/v2\/types\/product"}],"wp:featuredmedia":[{"embeddable":true,"href":"https:\/\/denox.eu\/fr\/wp-json\/wp\/v2\/media\/5382"}],"wp:attachment":[{"href":"https:\/\/denox.eu\/fr\/wp-json\/wp\/v2\/media?parent=4461"}],"wp:term":[{"taxonomy":"product_cat","embeddable":true,"href":"https:\/\/denox.eu\/fr\/wp-json\/wp\/v2\/product_cat?post=4461"},{"taxonomy":"product_tag","embeddable":true,"href":"https:\/\/denox.eu\/fr\/wp-json\/wp\/v2\/product_tag?post=4461"}],"curies":[{"name":"wp","href":"https:\/\/api.w.org\/{rel}","templated":true}]}}