{"id":4460,"date":"2020-12-14T09:17:17","date_gmt":"2020-12-14T08:17:17","guid":{"rendered":"https:\/\/denox.eu\/producto\/poubelle-a-pedal-oval-8-litres\/"},"modified":"2021-04-26T13:57:04","modified_gmt":"2021-04-26T11:57:04","slug":"poubelle-a-pedal-oval-8-litres","status":"publish","type":"product","link":"https:\/\/denox.eu\/fr\/producto\/poubelle-a-pedal-oval-8-litres\/","title":{"rendered":"Poubelle \u00e0 p\u00e9dal Oval 8 litres"},"content":{"rendered":"","protected":false},"excerpt":{"rendered":"<ul>\n<li>Poubelle avec couvercle, p\u00e9dale et seau int\u00e9rieur.<\/li>\n<li>Facile \u00e0 nettoyer, gr\u00e2ce \u00e0 son seau amovible et \u00e0 ses formes arrondies.<\/li>\n<\/ul>\n<p class=\"prod-desc-resaltado\">Dimensions (mm): 280 x 230 x 286<\/p>\n<p class=\"prod-desc-unidades\"><img decoding=\"async\" class=\"prod-desc-icon\" role=\"img\" src=\"\/wp-content\/uploads\/icon-box-cont.svg\" \/> 4<\/p>\n<p class=\"prod-desc-unidades\"><img decoding=\"async\" class=\"prod-desc-icon\" role=\"img\" src=\"\/wp-content\/uploads\/icon-pallet-box.svg\" \/> 84 u.<\/p>\n<p><img decoding=\"async\" class=\"prod-carac-icon\" src=\"\/wp-content\/uploads\/icon-prod-color-blanco.svg\" \/><img decoding=\"async\" class=\"prod-carac-icon\" src=\"\/wp-content\/uploads\/icon-prod-color-gris.svg\" \/><img decoding=\"async\" class=\"prod-carac-icon\" src=\"\/wp-content\/uploads\/icon-prod-sizing-24190.png\" \/><\/p>\n<p class=\"prod-desc-resaltado\"><a href=\"https:\/\/denox.eu\/fr\/personnalisation\/\"><img decoding=\"async\" class=\"prod-carac-icon\" src=\"\/wp-content\/uploads\/icon-prod-custom_fr.gif\" \/><\/a><\/p>\n","protected":false},"featured_media":5379,"template":"","meta":[],"product_cat":[215,222],"product_tag":[],"_links":{"self":[{"href":"https:\/\/denox.eu\/fr\/wp-json\/wp\/v2\/product\/4460"}],"collection":[{"href":"https:\/\/denox.eu\/fr\/wp-json\/wp\/v2\/product"}],"about":[{"href":"https:\/\/denox.eu\/fr\/wp-json\/wp\/v2\/types\/product"}],"wp:featuredmedia":[{"embeddable":true,"href":"https:\/\/denox.eu\/fr\/wp-json\/wp\/v2\/media\/5379"}],"wp:attachment":[{"href":"https:\/\/denox.eu\/fr\/wp-json\/wp\/v2\/media?parent=4460"}],"wp:term":[{"taxonomy":"product_cat","embeddable":true,"href":"https:\/\/denox.eu\/fr\/wp-json\/wp\/v2\/product_cat?post=4460"},{"taxonomy":"product_tag","embeddable":true,"href":"https:\/\/denox.eu\/fr\/wp-json\/wp\/v2\/product_tag?post=4460"}],"curies":[{"name":"wp","href":"https:\/\/api.w.org\/{rel}","templated":true}]}}