{"id":4438,"date":"2020-12-14T09:17:17","date_gmt":"2020-12-14T08:17:17","guid":{"rendered":"https:\/\/denox.eu\/producto\/collecteur-alimentaire-50-litres-blanc\/"},"modified":"2021-04-19T17:06:53","modified_gmt":"2021-04-19T15:06:53","slug":"collecteur-alimentaire-50-litres-blanc","status":"publish","type":"product","link":"https:\/\/denox.eu\/fr\/producto\/collecteur-alimentaire-50-litres-blanc\/","title":{"rendered":"Collecteur alimentaire 50 litres Blanc"},"content":{"rendered":"","protected":false},"excerpt":{"rendered":"<p class=\"prod-desc-resaltado\">\n<ul>\n<li>Adapt\u00e9 pour \u00eatre utilis\u00e9 avec des aliments.<\/li>\n<li>Poign\u00e9es ergonomiques.<\/li>\n<li>Fermeture s\u00e9curis\u00e9e par clip m\u00e9tallique.<\/li>\n<\/ul>\n<p class=\"prod-desc-resaltado\">Dimensions (mm): \u00d8 455 x 505<\/p>\n<p class=\"prod-desc-unidades\"><img decoding=\"async\" src=\"\/wp-content\/uploads\/icon-box-cont.svg\" class=\"prod-desc-icon\" role=\"img\">  1<\/p>\n<p class=\"prod-desc-unidades\"><img decoding=\"async\" src=\"\/wp-content\/uploads\/icon-pallet-box.svg\" class=\"prod-desc-icon\" role=\"img\"> 100 u.<\/p>\n<p><img decoding=\"async\" src=\"\/wp-content\/uploads\/icon-prod-color-blanco.svg\" class=\"prod-carac-icon\"><img decoding=\"async\" src=\"\/wp-content\/uploads\/icon-prod-carac-alimentacion.svg\" class=\"prod-carac-icon\"><img decoding=\"async\" src=\"\/wp-content\/uploads\/icon-prod-carac-encajable.svg\" class=\"prod-carac-icon\"><img decoding=\"async\" src=\"\/wp-content\/uploads\/icon-prod-sizing-13250.png\" class=\"prod-carac-icon\"><\/p>\n","protected":false},"featured_media":5320,"template":"","meta":[],"product_cat":[215,221],"product_tag":[],"_links":{"self":[{"href":"https:\/\/denox.eu\/fr\/wp-json\/wp\/v2\/product\/4438"}],"collection":[{"href":"https:\/\/denox.eu\/fr\/wp-json\/wp\/v2\/product"}],"about":[{"href":"https:\/\/denox.eu\/fr\/wp-json\/wp\/v2\/types\/product"}],"wp:featuredmedia":[{"embeddable":true,"href":"https:\/\/denox.eu\/fr\/wp-json\/wp\/v2\/media\/5320"}],"wp:attachment":[{"href":"https:\/\/denox.eu\/fr\/wp-json\/wp\/v2\/media?parent=4438"}],"wp:term":[{"taxonomy":"product_cat","embeddable":true,"href":"https:\/\/denox.eu\/fr\/wp-json\/wp\/v2\/product_cat?post=4438"},{"taxonomy":"product_tag","embeddable":true,"href":"https:\/\/denox.eu\/fr\/wp-json\/wp\/v2\/product_tag?post=4438"}],"curies":[{"name":"wp","href":"https:\/\/api.w.org\/{rel}","templated":true}]}}