{"id":4437,"date":"2020-12-14T09:17:17","date_gmt":"2020-12-14T08:17:17","guid":{"rendered":"https:\/\/denox.eu\/producto\/collecteur-a-dechets-95-litres-noir\/"},"modified":"2021-04-19T17:06:45","modified_gmt":"2021-04-19T15:06:45","slug":"collecteur-a-dechets-95-litres-noir","status":"publish","type":"product","link":"https:\/\/denox.eu\/fr\/producto\/collecteur-a-dechets-95-litres-noir\/","title":{"rendered":"Collecteur \u00e0 d\u00e9chets 95 litres Noir"},"content":{"rendered":"","protected":false},"excerpt":{"rendered":"<ul>\n<li>Poubelle r\u00e9sistante et solide avec couvercle.<\/li>\n<li>Pour l\u2019industrie, les communaut\u00e9s et l\u2019h\u00f4tellerie.<\/li>\n<li>Poign\u00e9es ergonomiques.<\/li>\n<li>Fermeture s\u00e9curis\u00e9e par clip m\u00e9tallique.<\/li>\n<\/ul>\n<p class=\"prod-desc-resaltado\">Dimensions (mm): \u00d8 495 x 730<\/p>\n<p class=\"prod-desc-unidades\"><img decoding=\"async\" class=\"prod-desc-icon\" role=\"img\" src=\"\/wp-content\/uploads\/icon-box-cont.svg\">  1<\/p>\n<p class=\"prod-desc-unidades\"><img decoding=\"async\" class=\"prod-desc-icon\" role=\"img\" src=\"\/wp-content\/uploads\/icon-pallet-box.svg\"> 60 u.<\/p>\n<p><img decoding=\"async\" class=\"prod-carac-icon\" src=\"\/wp-content\/uploads\/icon-prod-color-negro.svg\"><img decoding=\"async\" class=\"prod-carac-icon\" src=\"\/wp-content\/uploads\/icon-prod-carac-encajable.svg\"><img decoding=\"async\" class=\"prod-carac-icon\" src=\"\/wp-content\/uploads\/icon-prod-sizing-23187.png\"><\/p>\n","protected":false},"featured_media":5329,"template":"","meta":[],"product_cat":[215,221],"product_tag":[],"_links":{"self":[{"href":"https:\/\/denox.eu\/fr\/wp-json\/wp\/v2\/product\/4437"}],"collection":[{"href":"https:\/\/denox.eu\/fr\/wp-json\/wp\/v2\/product"}],"about":[{"href":"https:\/\/denox.eu\/fr\/wp-json\/wp\/v2\/types\/product"}],"wp:featuredmedia":[{"embeddable":true,"href":"https:\/\/denox.eu\/fr\/wp-json\/wp\/v2\/media\/5329"}],"wp:attachment":[{"href":"https:\/\/denox.eu\/fr\/wp-json\/wp\/v2\/media?parent=4437"}],"wp:term":[{"taxonomy":"product_cat","embeddable":true,"href":"https:\/\/denox.eu\/fr\/wp-json\/wp\/v2\/product_cat?post=4437"},{"taxonomy":"product_tag","embeddable":true,"href":"https:\/\/denox.eu\/fr\/wp-json\/wp\/v2\/product_tag?post=4437"}],"curies":[{"name":"wp","href":"https:\/\/api.w.org\/{rel}","templated":true}]}}