{"id":4435,"date":"2020-12-14T09:16:58","date_gmt":"2020-12-14T08:16:58","guid":{"rendered":"https:\/\/denox.eu\/producto\/collecteur-a-dechets-50-litres-noir\/"},"modified":"2021-04-19T17:06:41","modified_gmt":"2021-04-19T15:06:41","slug":"collecteur-a-dechets-50-litres-noir","status":"publish","type":"product","link":"https:\/\/denox.eu\/fr\/producto\/collecteur-a-dechets-50-litres-noir\/","title":{"rendered":"Collecteur \u00e0 d\u00e9chets 50 litres Noir"},"content":{"rendered":"","protected":false},"excerpt":{"rendered":"<p class=\"prod-desc-resaltado\">\n<ul>\n<li>Poubelle r\u00e9sistante et solide avec couvercle.<\/li>\n<li>Pour l\u2019industrie, les communaut\u00e9s et l\u2019h\u00f4tellerie.<\/li>\n<li>Poign\u00e9es ergonomiques.<\/li>\n<li>Fermeture s\u00e9curis\u00e9e par clip m\u00e9tallique.<\/li>\n<\/ul>\n<p class=\"prod-desc-resaltado\">Dimensions (mm): \u00d8 455 x 505<\/p>\n<p class=\"prod-desc-unidades\"><img decoding=\"async\" src=\"\/wp-content\/uploads\/icon-box-cont.svg\" class=\"prod-desc-icon\" role=\"img\">  1<\/p>\n<p class=\"prod-desc-unidades\"><img decoding=\"async\" src=\"\/wp-content\/uploads\/icon-pallet-box.svg\" class=\"prod-desc-icon\" role=\"img\"> 100 u.<\/p>\n<p><img decoding=\"async\" src=\"\/wp-content\/uploads\/icon-prod-color-negro.svg\" class=\"prod-carac-icon\"><img decoding=\"async\" src=\"\/wp-content\/uploads\/icon-prod-carac-encajable.svg\" class=\"prod-carac-icon\"><img decoding=\"async\" src=\"\/wp-content\/uploads\/icon-prod-sizing-13250.png\" class=\"prod-carac-icon\"><\/p>\n","protected":false},"featured_media":5317,"template":"","meta":[],"product_cat":[215,221],"product_tag":[],"_links":{"self":[{"href":"https:\/\/denox.eu\/fr\/wp-json\/wp\/v2\/product\/4435"}],"collection":[{"href":"https:\/\/denox.eu\/fr\/wp-json\/wp\/v2\/product"}],"about":[{"href":"https:\/\/denox.eu\/fr\/wp-json\/wp\/v2\/types\/product"}],"wp:featuredmedia":[{"embeddable":true,"href":"https:\/\/denox.eu\/fr\/wp-json\/wp\/v2\/media\/5317"}],"wp:attachment":[{"href":"https:\/\/denox.eu\/fr\/wp-json\/wp\/v2\/media?parent=4435"}],"wp:term":[{"taxonomy":"product_cat","embeddable":true,"href":"https:\/\/denox.eu\/fr\/wp-json\/wp\/v2\/product_cat?post=4435"},{"taxonomy":"product_tag","embeddable":true,"href":"https:\/\/denox.eu\/fr\/wp-json\/wp\/v2\/product_tag?post=4435"}],"curies":[{"name":"wp","href":"https:\/\/api.w.org\/{rel}","templated":true}]}}