{"id":4406,"date":"2020-12-14T09:16:58","date_gmt":"2020-12-14T08:16:58","guid":{"rendered":"https:\/\/denox.eu\/producto\/conteneur-industriel-800-litres\/"},"modified":"2021-04-19T16:33:13","modified_gmt":"2021-04-19T14:33:13","slug":"conteneur-industriel-800-litres","status":"publish","type":"product","link":"https:\/\/denox.eu\/fr\/producto\/conteneur-industriel-800-litres\/","title":{"rendered":"Conteneur industriel 800 litres"},"content":{"rendered":"","protected":false},"excerpt":{"rendered":"<p class=\"prod-desc-resaltado\">\n<ul>\n<li>Conteneurs sp\u00e9cialement con\u00e7us pour l&rsquo;ext\u00e9rieur et la collecte automatique.<\/li>\n<li>Poign\u00e9e ergonomique.<\/li>\n<\/ul>\n<p class=\"prod-desc-resaltado\">Dimensions (mm): 1360 x 767 x 1340<\/p>\n<p class=\"prod-desc-unidades\"><img decoding=\"async\" src=\"\/wp-content\/uploads\/icon-box-cont.svg\" class=\"prod-desc-icon\" role=\"img\">  1<\/p>\n<p class=\"prod-desc-unidades\"><img decoding=\"async\" src=\"\/wp-content\/uploads\/icon-pallet-box.svg\" class=\"prod-desc-icon\" role=\"img\"> 5 u.<\/p>\n<p><img decoding=\"async\" src=\"\/wp-content\/uploads\/icon-prod-color-verde.svg\" class=\"prod-carac-icon\"><img decoding=\"async\" src=\"\/wp-content\/uploads\/icon-prod-color-azul.svg\" class=\"prod-carac-icon\"><img decoding=\"async\" src=\"\/wp-content\/uploads\/icon-prod-color-gris.svg\" class=\"prod-carac-icon\"><img decoding=\"async\" src=\"\/wp-content\/uploads\/icon-prod-color-grafito.svg\" class=\"prod-carac-icon\"><img decoding=\"async\" src=\"\/wp-content\/uploads\/icon-prod-color-marron.svg\" class=\"prod-carac-icon\"><img decoding=\"async\" src=\"\/wp-content\/uploads\/icon-prod-color-amarillo.svg\" class=\"prod-carac-icon\"><img decoding=\"async\" src=\"\/wp-content\/uploads\/icon-prod-color-rojo.svg\" class=\"prod-carac-icon\"><img decoding=\"async\" src=\"\/wp-content\/uploads\/icon-prod-cap-800.svg\" class=\"prod-carac-icon\"><img decoding=\"async\" src=\"\/wp-content\/uploads\/icon-prod-sizing-23900.png\" class=\"prod-carac-icon\"><\/p>\n","protected":false},"featured_media":5293,"template":"","meta":[],"product_cat":[215,218],"product_tag":[],"_links":{"self":[{"href":"https:\/\/denox.eu\/fr\/wp-json\/wp\/v2\/product\/4406"}],"collection":[{"href":"https:\/\/denox.eu\/fr\/wp-json\/wp\/v2\/product"}],"about":[{"href":"https:\/\/denox.eu\/fr\/wp-json\/wp\/v2\/types\/product"}],"wp:featuredmedia":[{"embeddable":true,"href":"https:\/\/denox.eu\/fr\/wp-json\/wp\/v2\/media\/5293"}],"wp:attachment":[{"href":"https:\/\/denox.eu\/fr\/wp-json\/wp\/v2\/media?parent=4406"}],"wp:term":[{"taxonomy":"product_cat","embeddable":true,"href":"https:\/\/denox.eu\/fr\/wp-json\/wp\/v2\/product_cat?post=4406"},{"taxonomy":"product_tag","embeddable":true,"href":"https:\/\/denox.eu\/fr\/wp-json\/wp\/v2\/product_tag?post=4406"}],"curies":[{"name":"wp","href":"https:\/\/api.w.org\/{rel}","templated":true}]}}