{"id":4401,"date":"2020-12-14T09:16:58","date_gmt":"2020-12-14T08:16:58","guid":{"rendered":"https:\/\/denox.eu\/producto\/conteneur-industriel-80-litres-avec-pedal\/"},"modified":"2024-05-24T15:14:48","modified_gmt":"2024-05-24T13:14:48","slug":"conteneur-industriel-80-litres-avec-pedal","status":"publish","type":"product","link":"https:\/\/denox.eu\/fr\/producto\/conteneur-industriel-80-litres-avec-pedal\/","title":{"rendered":"Conteneur industriel 80 litres avec pedal"},"content":{"rendered":"","protected":false},"excerpt":{"rendered":"<ul>\n<li>Conteneurs sp\u00e9cialement con\u00e7us pour l&rsquo;ext\u00e9rieur et la collecte automatique.<\/li>\n<li>Avec p\u00e9dale.<\/li>\n<li>Poign\u00e9e ergonomique.<\/li>\n<\/ul>\n<p class=\"prod-desc-resaltado\">Dimensions (mm): 525 x 448 x 940<\/p>\n<p class=\"prod-desc-unidades\"><img decoding=\"async\" class=\"prod-desc-icon\" role=\"img\" src=\"\/wp-content\/uploads\/icon-box-cont.svg\" \/> 1<\/p>\n<p class=\"prod-desc-unidades\"><img decoding=\"async\" class=\"prod-desc-icon\" role=\"img\" src=\"\/wp-content\/uploads\/icon-pallet-box.svg\" \/> 12 u.<\/p>\n<p><img decoding=\"async\" class=\"prod-carac-icon\" src=\"\/wp-content\/uploads\/icon-prod-color-verde.svg\" \/><img decoding=\"async\" class=\"prod-carac-icon\" src=\"\/wp-content\/uploads\/icon-prod-cap-80.svg\" \/><img decoding=\"async\" class=\"prod-carac-icon\" src=\"\/wp-content\/uploads\/icon-prod-sizing-23560.png\" \/><\/p>\n","protected":false},"featured_media":5281,"template":"","meta":[],"product_cat":[215,218],"product_tag":[],"_links":{"self":[{"href":"https:\/\/denox.eu\/fr\/wp-json\/wp\/v2\/product\/4401"}],"collection":[{"href":"https:\/\/denox.eu\/fr\/wp-json\/wp\/v2\/product"}],"about":[{"href":"https:\/\/denox.eu\/fr\/wp-json\/wp\/v2\/types\/product"}],"wp:featuredmedia":[{"embeddable":true,"href":"https:\/\/denox.eu\/fr\/wp-json\/wp\/v2\/media\/5281"}],"wp:attachment":[{"href":"https:\/\/denox.eu\/fr\/wp-json\/wp\/v2\/media?parent=4401"}],"wp:term":[{"taxonomy":"product_cat","embeddable":true,"href":"https:\/\/denox.eu\/fr\/wp-json\/wp\/v2\/product_cat?post=4401"},{"taxonomy":"product_tag","embeddable":true,"href":"https:\/\/denox.eu\/fr\/wp-json\/wp\/v2\/product_tag?post=4401"}],"curies":[{"name":"wp","href":"https:\/\/api.w.org\/{rel}","templated":true}]}}