{"id":4367,"date":"2020-12-14T09:16:41","date_gmt":"2020-12-14T08:16:41","guid":{"rendered":"https:\/\/denox.eu\/producto\/conteneur-reciclo-85-litres-ouvert\/"},"modified":"2021-04-19T15:42:19","modified_gmt":"2021-04-19T13:42:19","slug":"conteneur-reciclo-85-litres-ouvert","status":"publish","type":"product","link":"https:\/\/denox.eu\/fr\/producto\/conteneur-reciclo-85-litres-ouvert\/","title":{"rendered":"Conteneur Reciclo 85 litres ouvert"},"content":{"rendered":"","protected":false},"excerpt":{"rendered":"<p class=\"prod-desc-resaltado\">\n<ul>\n<li>Conteneurs pour les professionnels et les collectivit\u00e9s qui encouragent le recyclage des d\u00e9chets.<\/li>\n<li>Embo\u00eetables et \u00e9quip\u00e9s de roulettes.<\/li>\n<li> Comprend un clip pour emp\u00eacher toute ouverture involontaire.<\/li>\n<li>Diam\u00e8tre de roue plus large: \u00d8 145 mm.<\/li>\n<\/ul>\n<p class=\"prod-desc-resaltado\">Dimensions (mm) : 420 x 570 x 760<\/p>\n<p class=\"prod-desc-unidades\"><img decoding=\"async\" src=\"\/wp-content\/uploads\/icon-box-cont.svg\" class=\"prod-desc-icon\" role=\"img\">  1<\/p>\n<p class=\"prod-desc-unidades\"><img decoding=\"async\" src=\"\/wp-content\/uploads\/icon-pallet-box.svg\" class=\"prod-desc-icon\" role=\"img\"> 24 u.<\/p>\n<p><img decoding=\"async\" src=\"\/wp-content\/uploads\/icon-prod-color-azul.svg\" class=\"prod-carac-icon\"><img decoding=\"async\" src=\"\/wp-content\/uploads\/icon-prod-color-verde.svg\" class=\"prod-carac-icon\"><img decoding=\"async\" src=\"\/wp-content\/uploads\/icon-prod-color-rojo.svg\" class=\"prod-carac-icon\"><img decoding=\"async\" src=\"\/wp-content\/uploads\/icon-prod-color-amarillo.svg\" class=\"prod-carac-icon\"><img decoding=\"async\" src=\"\/wp-content\/uploads\/icon-prod-color-negro.svg\" class=\"prod-carac-icon\"><img decoding=\"async\" src=\"\/wp-content\/uploads\/icon-prod-color-marron.svg\" class=\"prod-carac-icon\"><img decoding=\"async\" src=\"\/wp-content\/uploads\/icon-prod-cap-85.svg\" class=\"prod-carac-icon\"><img decoding=\"async\" src=\"\/wp-content\/uploads\/icon-prod-carac-alimentacion.svg\" class=\"prod-carac-icon\"><img decoding=\"async\" src=\"\/wp-content\/uploads\/icon-prod-carac-encajable.svg\" class=\"prod-carac-icon\"><img decoding=\"async\" src=\"\/wp-content\/uploads\/icon-prod-sizing-23240.png\" class=\"prod-carac-icon\"><\/p>\n","protected":false},"featured_media":5240,"template":"","meta":[],"product_cat":[215,216],"product_tag":[],"_links":{"self":[{"href":"https:\/\/denox.eu\/fr\/wp-json\/wp\/v2\/product\/4367"}],"collection":[{"href":"https:\/\/denox.eu\/fr\/wp-json\/wp\/v2\/product"}],"about":[{"href":"https:\/\/denox.eu\/fr\/wp-json\/wp\/v2\/types\/product"}],"wp:featuredmedia":[{"embeddable":true,"href":"https:\/\/denox.eu\/fr\/wp-json\/wp\/v2\/media\/5240"}],"wp:attachment":[{"href":"https:\/\/denox.eu\/fr\/wp-json\/wp\/v2\/media?parent=4367"}],"wp:term":[{"taxonomy":"product_cat","embeddable":true,"href":"https:\/\/denox.eu\/fr\/wp-json\/wp\/v2\/product_cat?post=4367"},{"taxonomy":"product_tag","embeddable":true,"href":"https:\/\/denox.eu\/fr\/wp-json\/wp\/v2\/product_tag?post=4367"}],"curies":[{"name":"wp","href":"https:\/\/api.w.org\/{rel}","templated":true}]}}