{"id":6079,"date":"2021-01-21T16:02:03","date_gmt":"2021-01-21T15:02:03","guid":{"rendered":"https:\/\/denox.eu\/mission-vision-valeurs-denox\/"},"modified":"2021-07-01T16:21:18","modified_gmt":"2021-07-01T14:21:18","slug":"mission-vision-valeurs-denox","status":"publish","type":"page","link":"https:\/\/denox.eu\/fr\/mission-vision-valeurs-denox\/","title":{"rendered":"Mission-vision-valeurs DENOX"},"content":{"rendered":"<p><div class=\"fusion-fullwidth fullwidth-box fusion-builder-row-1 fusion-flex-container nonhundred-percent-fullwidth non-hundred-percent-height-scrolling\" style=\"background-color: rgba(255,255,255,0);background-position: center center;background-repeat: no-repeat;border-width: 0px 0px 0px 0px;border-color:#e2e2e2;border-style:solid;\" ><div class=\"fusion-builder-row fusion-row fusion-flex-align-items-flex-start\" style=\"max-width:1185.6px;margin-left: calc(-4% \/ 2 );margin-right: calc(-4% \/ 2 );\"><div class=\"fusion-layout-column fusion_builder_column fusion-builder-column-0 fusion_builder_column_1_1 1_1 fusion-flex-column\"><div class=\"fusion-column-wrapper fusion-flex-justify-content-flex-start fusion-content-layout-column\" style=\"background-position:left top;background-repeat:no-repeat;-webkit-background-size:cover;-moz-background-size:cover;-o-background-size:cover;background-size:cover;padding: 0px 0px 0px 0px;\"><style type=\"text\/css\">.fusion-title.fusion-title-1 svg path{stroke:#dbeab9!important}.fusion-title.fusion-title-1 svg{margin-top:6px!important}.fusion-title.fusion-title-1 svg path{stroke-width:8!important}@media only screen and (max-width:1024px) {.fusion-title.fusion-title-1{margin-top:10px!important;margin-bottom:40px!important;}}@media only screen and (max-width:640px) {.fusion-title.fusion-title-1{margin-top:10px!important;margin-bottom:10px!important;}}<\/style><div class=\"fusion-title title fusion-title-1 fusion-sep-none fusion-title-highlight fusion-loop-off fusion-highlight-double_underline fusion-title-size-two tit-2style\" style=\"font-size:35px;margin-top:10px;margin-bottom:40px;\" data-highlight=\"double_underline\"><h2 class=\"title-heading-left\" style=\"font-family:&quot;Open Sans&quot;;font-weight:700;margin:0;font-size:1em;color:#56847d;\"><span class=\"fusion-highlighted-text-prefix\">NOTRE MISSION<\/span>  <span class=\"fusion-highlighted-text-postfix\"><\/span><\/h2><\/div><div class=\"fusion-text fusion-text-1\"><p>La mission de la soci\u00e9t\u00e9 FABRICANTES DE MENAJE S.A est d&rsquo;\u00eatre une r\u00e9f\u00e9rence dans la conception, la production et la commercialisation de m\u00e9nage domestique et l\u00b4h\u00f4tellerie.<\/p>\n<p>Pour cela, toutes les activit\u00e9s et processus de notre entreprise sont orient\u00e9s vers nos clients et le client final.<\/p>\n<\/div><\/div><\/div><style type=\"text\/css\">.fusion-body .fusion-builder-column-0{width:100% !important;margin-top : 0px;margin-bottom : 20px;}.fusion-builder-column-0 > .fusion-column-wrapper {padding-top : 0px !important;padding-right : 0px !important;margin-right : 1.92%;padding-bottom : 0px !important;padding-left : 0px !important;margin-left : 1.92%;}@media only screen and (max-width:1024px) {.fusion-body .fusion-builder-column-0{width:100% !important;order : 0;}.fusion-builder-column-0 > .fusion-column-wrapper {margin-right : 1.92%;margin-left : 1.92%;}}@media only screen and (max-width:640px) {.fusion-body .fusion-builder-column-0{width:100% !important;order : 0;}.fusion-builder-column-0 > .fusion-column-wrapper {margin-right : 1.92%;margin-left : 1.92%;}}<\/style><\/div><style type=\"text\/css\">.fusion-body .fusion-flex-container.fusion-builder-row-1{ padding-top : 0px;margin-top : 0px;padding-right : 0px;padding-bottom : 0px;margin-bottom : 0px;padding-left : 0px;}<\/style><\/div><div class=\"fusion-fullwidth fullwidth-box fusion-builder-row-2 fusion-flex-container nonhundred-percent-fullwidth non-hundred-percent-height-scrolling\" style=\"background-color: rgba(255,255,255,0);background-position: center center;background-repeat: no-repeat;border-width: 0px 0px 0px 0px;border-color:#e2e2e2;border-style:solid;\" ><div class=\"fusion-builder-row fusion-row fusion-flex-align-items-flex-start\" style=\"max-width:1185.6px;margin-left: calc(-4% \/ 2 );margin-right: calc(-4% \/ 2 );\"><div class=\"fusion-layout-column fusion_builder_column fusion-builder-column-1 fusion_builder_column_1_1 1_1 fusion-flex-column\"><div class=\"fusion-column-wrapper fusion-flex-justify-content-flex-start fusion-content-layout-column\" style=\"background-position:left top;background-repeat:no-repeat;-webkit-background-size:cover;-moz-background-size:cover;-o-background-size:cover;background-size:cover;padding: 0px 0px 0px 0px;\"><style type=\"text\/css\">.fusion-title.fusion-title-2 svg path{stroke:#dbeab9!important}.fusion-title.fusion-title-2 svg{margin-top:6px!important}.fusion-title.fusion-title-2 svg path{stroke-width:8!important}@media only screen and (max-width:1024px) {.fusion-title.fusion-title-2{margin-top:10px!important;margin-bottom:40px!important;}}@media only screen and (max-width:640px) {.fusion-title.fusion-title-2{margin-top:10px!important;margin-bottom:10px!important;}}<\/style><div class=\"fusion-title title fusion-title-2 fusion-sep-none fusion-title-highlight fusion-loop-off fusion-highlight-double_underline fusion-title-size-two tit-2style\" style=\"font-size:35px;margin-top:10px;margin-bottom:40px;\" data-highlight=\"double_underline\"><h2 class=\"title-heading-left\" style=\"font-family:&quot;Open Sans&quot;;font-weight:700;margin:0;font-size:1em;color:#56847d;\"><span class=\"fusion-highlighted-text-prefix\">NOTRE VISION<\/span>  <span class=\"fusion-highlighted-text-postfix\"><\/span><\/h2><\/div><div class=\"fusion-text fusion-text-2\"><p>Fabricantes de Menaje essaie d&rsquo;offrir un meilleur produit que ce qui existe dans le secteur gr\u00e2ce \u00e0 des propositions innovantes et \u00e0 la r\u00e9vision continue de ses produits et des besoins de ses clients. Nous continuerons \u00e0 travailler jour apr\u00e8s jour pour \u00eatre une marque de r\u00e9f\u00e9rence dans le secteur<\/p>\n<p>et une entreprise soucieuse de l&rsquo;environnement. Nous continuerons d&rsquo;atteindre nos objectifs tout en maintenant nos principes et nos valeurs.<\/p>\n<p>Nous avons acquis un engagement envers l&rsquo;environnement en appliquant les derni\u00e8res technologies et en pratiquant les principes de r\u00e9duction des d\u00e9chets gr\u00e2ce \u00e0 la r\u00e9cup\u00e9ration et la r\u00e9utilisation des mati\u00e8res premi\u00e8res, en acqu\u00e9rant un engagement envers la durabilit\u00e9 environnementale.<\/p>\n<\/div><\/div><\/div><style type=\"text\/css\">.fusion-body .fusion-builder-column-1{width:100% !important;margin-top : 0px;margin-bottom : 20px;}.fusion-builder-column-1 > .fusion-column-wrapper {padding-top : 0px !important;padding-right : 0px !important;margin-right : 1.92%;padding-bottom : 0px !important;padding-left : 0px !important;margin-left : 1.92%;}@media only screen and (max-width:1024px) {.fusion-body .fusion-builder-column-1{width:100% !important;order : 0;}.fusion-builder-column-1 > .fusion-column-wrapper {margin-right : 1.92%;margin-left : 1.92%;}}@media only screen and (max-width:640px) {.fusion-body .fusion-builder-column-1{width:100% !important;order : 0;}.fusion-builder-column-1 > .fusion-column-wrapper {margin-right : 1.92%;margin-left : 1.92%;}}<\/style><\/div><style type=\"text\/css\">.fusion-body .fusion-flex-container.fusion-builder-row-2{ padding-top : 0px;margin-top : 0px;padding-right : 0px;padding-bottom : 0px;margin-bottom : 0px;padding-left : 0px;}<\/style><\/div><div class=\"fusion-fullwidth fullwidth-box fusion-builder-row-3 fusion-flex-container nonhundred-percent-fullwidth non-hundred-percent-height-scrolling\" style=\"background-color: rgba(255,255,255,0);background-position: center center;background-repeat: no-repeat;border-width: 0px 0px 0px 0px;border-color:#e2e2e2;border-style:solid;\" ><div class=\"fusion-builder-row fusion-row fusion-flex-align-items-flex-start\" style=\"max-width:1185.6px;margin-left: calc(-4% \/ 2 );margin-right: calc(-4% \/ 2 );\"><div class=\"fusion-layout-column fusion_builder_column fusion-builder-column-2 fusion_builder_column_1_1 1_1 fusion-flex-column\"><div class=\"fusion-column-wrapper fusion-flex-justify-content-flex-start fusion-content-layout-column\" style=\"background-position:left top;background-repeat:no-repeat;-webkit-background-size:cover;-moz-background-size:cover;-o-background-size:cover;background-size:cover;padding: 0px 0px 0px 0px;\"><style type=\"text\/css\">.fusion-title.fusion-title-3 svg path{stroke:#dbeab9!important}.fusion-title.fusion-title-3 svg{margin-top:6px!important}.fusion-title.fusion-title-3 svg path{stroke-width:8!important}@media only screen and (max-width:1024px) {.fusion-title.fusion-title-3{margin-top:10px!important;margin-bottom:40px!important;}}@media only screen and (max-width:640px) {.fusion-title.fusion-title-3{margin-top:10px!important;margin-bottom:10px!important;}}<\/style><div class=\"fusion-title title fusion-title-3 fusion-sep-none fusion-title-highlight fusion-loop-off fusion-highlight-double_underline fusion-title-size-two tit-2style\" style=\"font-size:35px;margin-top:10px;margin-bottom:40px;\" data-highlight=\"double_underline\"><h2 class=\"title-heading-left\" style=\"font-family:&quot;Open Sans&quot;;font-weight:700;margin:0;font-size:1em;color:#56847d;\"><span class=\"fusion-highlighted-text-prefix\">NOS VALEURS <\/span>  <span class=\"fusion-highlighted-text-postfix\"><\/span><\/h2><\/div><div ><span class=\" fusion-imageframe imageframe-none imageframe-1 hover-type-none\" style=\"margin-bottom:20px;\"><img decoding=\"async\" width=\"2500\" height=\"1500\" title=\"valores-denox-fr\" src=\"https:\/\/denox.eu\/wp-content\/uploads\/valores-denox-fr.jpg\" data-orig-src=\"https:\/\/denox.eu\/wp-content\/uploads\/valores-denox-fr.jpg\" class=\"lazyload img-responsive wp-image-6096\" srcset=\"data:image\/svg+xml,%3Csvg%20xmlns%3D%27http%3A%2F%2Fwww.w3.org%2F2000%2Fsvg%27%20width%3D%272500%27%20height%3D%271500%27%20viewBox%3D%270%200%202500%201500%27%3E%3Crect%20width%3D%272500%27%20height%3D%2731500%27%20fill-opacity%3D%220%22%2F%3E%3C%2Fsvg%3E\" data-srcset=\"https:\/\/denox.eu\/wp-content\/uploads\/valores-denox-fr-200x120.jpg 200w, https:\/\/denox.eu\/wp-content\/uploads\/valores-denox-fr-400x240.jpg 400w, https:\/\/denox.eu\/wp-content\/uploads\/valores-denox-fr-600x360.jpg 600w, https:\/\/denox.eu\/wp-content\/uploads\/valores-denox-fr-800x480.jpg 800w, https:\/\/denox.eu\/wp-content\/uploads\/valores-denox-fr-1200x720.jpg 1200w, https:\/\/denox.eu\/wp-content\/uploads\/valores-denox-fr.jpg 2500w\" data-sizes=\"auto\" data-orig-sizes=\"(max-width: 1024px) 100vw, (max-width: 640px) 100vw, 1200px\" \/><\/span><\/div><div style=\"text-align:center;\"><style type=\"text\/css\">.fusion-button.button-1 .fusion-button-text, .fusion-button.button-1 i {color:#ffffff;}.fusion-button.button-1 .fusion-button-icon-divider{border-color:#ffffff;}.fusion-button.button-1:hover .fusion-button-text, .fusion-button.button-1:hover i,.fusion-button.button-1:focus .fusion-button-text, .fusion-button.button-1:focus i,.fusion-button.button-1:active .fusion-button-text, .fusion-button.button-1:active{color:#ffffff;}.fusion-button.button-1:hover .fusion-button-icon-divider, .fusion-button.button-1:hover .fusion-button-icon-divider, .fusion-button.button-1:active .fusion-button-icon-divider{border-color:#ffffff;}.fusion-button.button-1:hover, .fusion-button.button-1:focus, .fusion-button.button-1:active{border-color:#ffffff;}.fusion-button.button-1 {border-color:#ffffff;border-radius:0px;}.fusion-button.button-1{background: #ff2c28;}.fusion-button.button-1:hover,.button-1:focus,.fusion-button.button-1:active{background: #ff6360;}<\/style><a class=\"fusion-button button-flat fusion-button-default-size button-custom button-1 fusion-button-default-span fusion-button-default-type\" target=\"_blank\" rel=\"noopener noreferrer\" href=\"\/wp-content\/uploads\/Mision-Vision-Valores.pdf\"><i class=\"fa-file-pdf fas button-icon-left\" aria-hidden=\"true\"><\/i><span class=\"fusion-button-text\">T\u00e9l\u00e9charger PDF<\/span><\/a><\/div><\/div><\/div><style type=\"text\/css\">.fusion-body .fusion-builder-column-2{width:100% !important;margin-top : 0px;margin-bottom : 20px;}.fusion-builder-column-2 > .fusion-column-wrapper {padding-top : 0px !important;padding-right : 0px !important;margin-right : 1.92%;padding-bottom : 0px !important;padding-left : 0px !important;margin-left : 1.92%;}@media only screen and (max-width:1024px) {.fusion-body .fusion-builder-column-2{width:100% !important;order : 0;}.fusion-builder-column-2 > .fusion-column-wrapper {margin-right : 1.92%;margin-left : 1.92%;}}@media only screen and (max-width:640px) {.fusion-body .fusion-builder-column-2{width:100% !important;order : 0;}.fusion-builder-column-2 > .fusion-column-wrapper {margin-right : 1.92%;margin-left : 1.92%;}}<\/style><\/div><style type=\"text\/css\">.fusion-body .fusion-flex-container.fusion-builder-row-3{ padding-top : 0px;margin-top : 0px;padding-right : 0px;padding-bottom : 0px;margin-bottom : 0px;padding-left : 0px;}<\/style><\/div><\/p>\n","protected":false},"excerpt":{"rendered":"","protected":false},"author":1,"featured_media":0,"parent":0,"menu_order":0,"comment_status":"closed","ping_status":"closed","template":"","meta":{"footnotes":""},"_links":{"self":[{"href":"https:\/\/denox.eu\/fr\/wp-json\/wp\/v2\/pages\/6079"}],"collection":[{"href":"https:\/\/denox.eu\/fr\/wp-json\/wp\/v2\/pages"}],"about":[{"href":"https:\/\/denox.eu\/fr\/wp-json\/wp\/v2\/types\/page"}],"author":[{"embeddable":true,"href":"https:\/\/denox.eu\/fr\/wp-json\/wp\/v2\/users\/1"}],"replies":[{"embeddable":true,"href":"https:\/\/denox.eu\/fr\/wp-json\/wp\/v2\/comments?post=6079"}],"version-history":[{"count":7,"href":"https:\/\/denox.eu\/fr\/wp-json\/wp\/v2\/pages\/6079\/revisions"}],"predecessor-version":[{"id":6099,"href":"https:\/\/denox.eu\/fr\/wp-json\/wp\/v2\/pages\/6079\/revisions\/6099"}],"wp:attachment":[{"href":"https:\/\/denox.eu\/fr\/wp-json\/wp\/v2\/media?parent=6079"}],"curies":[{"name":"wp","href":"https:\/\/api.w.org\/{rel}","templated":true}]}}