{"id":4274,"date":"2020-05-21T07:04:24","date_gmt":"2020-05-21T05:04:24","guid":{"rendered":"https:\/\/denox.eu\/politique-de-confidentialite\/"},"modified":"2024-06-12T16:15:30","modified_gmt":"2024-06-12T14:15:30","slug":"politique-de-confidentialite","status":"publish","type":"page","link":"https:\/\/denox.eu\/fr\/politique-de-confidentialite\/","title":{"rendered":"Politique de confidentialit\u00e9"},"content":{"rendered":"<div class=\"fusion-fullwidth fullwidth-box fusion-builder-row-1 nonhundred-percent-fullwidth non-hundred-percent-height-scrolling\" style=\"background-color: rgba(255,255,255,0);background-position: center center;background-repeat: no-repeat;padding-top:0px;padding-right:0px;padding-bottom:0px;padding-left:0px;margin-bottom: 0px;margin-top: 0px;border-width: 0px 0px 0px 0px;border-color:#e2e2e2;border-style:solid;\" ><div class=\"fusion-builder-row fusion-row\"><div class=\"fusion-layout-column fusion_builder_column fusion-builder-column-0 fusion_builder_column_1_1 1_1 fusion-one-full fusion-column-first fusion-column-last\" style=\"margin-top:0px;margin-bottom:0px;\"><div class=\"fusion-column-wrapper fusion-flex-column-wrapper-legacy\" style=\"background-position:left top;background-repeat:no-repeat;-webkit-background-size:cover;-moz-background-size:cover;-o-background-size:cover;background-size:cover;padding: 0px 0px 0px 0px;\"><div class=\"fusion-text fusion-text-1\"><p class=\"Custom-Normal-Times\">Chez FABRICANTES DE MENAJE, SA, nous nous soucions de la confidentialit\u00e9 et de la transparence.<\/p>\n<p class=\"Custom-Normal-Times\">Ci-dessous, nous indiquons en d\u00e9tail les traitements de donn\u00e9es personnelles que nous effectuons, ainsi que toutes les informations les concernant.<\/p>\n<h2 class=\"wp-block-heading\">Traitement des donn\u00e9es clients<\/h2>\n<table width=\"584\">\n<tbody>\n<tr>\n<td colspan=\"2\" width=\"584\">\n<p><strong>Informations de base sur la protection des donn\u00e9es<\/strong><\/p>\n<\/td>\n<\/tr>\n<tr>\n<td width=\"180\">\n<p><strong>Responsable:<\/strong><\/p>\n<\/td>\n<td width=\"404\">\n<p>FABRICANTES DE MENAJE, S.A.<\/p>\n<\/td>\n<\/tr>\n<tr>\n<td width=\"180\">\n<p><strong>But:<\/strong><\/p>\n<\/td>\n<td width=\"404\">\n<p>Fournir les services demand\u00e9s et envoyer des communications commerciales<\/p>\n<\/td>\n<\/tr>\n<tr>\n<td width=\"180\">\n<p><strong>L\u00e9gitimation:<\/strong><\/p>\n<\/td>\n<td width=\"404\">\n<p>Ex\u00e9cution d&rsquo;un contrat.<\/p>\n<p>Int\u00e9r\u00eat l\u00e9gitime du Responsable du traitement.<\/p>\n<\/td>\n<\/tr>\n<tr>\n<td width=\"180\">\n<p><strong>Destinataires:<\/strong><\/p>\n<\/td>\n<td width=\"404\">\n<p>Des transferts de donn\u00e9es sont pr\u00e9vus vers: l&rsquo;Agence Fiscale; Entit\u00e9s financi\u00e8res.<\/p>\n<\/td>\n<\/tr>\n<tr>\n<td width=\"180\">\n<p><strong>Droits:<\/strong><\/p>\n<\/td>\n<td width=\"404\">\n<p>Vous disposez d&rsquo;un droit d&rsquo;acc\u00e8s, de rectification et de suppression des donn\u00e9es, ainsi que d&rsquo;autres droits, indiqu\u00e9s dans les informations compl\u00e9mentaires, que vous pouvez exercer en contactant l&rsquo;adresse du responsable du traitement.<\/p>\n<\/td>\n<\/tr>\n<tr>\n<td width=\"180\">\n<p><strong>Origine:<\/strong><\/p>\n<\/td>\n<td width=\"404\">\n<p>L&rsquo;int\u00e9ress\u00e9 lui-m\u00eame.<\/p>\n<\/td>\n<\/tr>\n<\/tbody>\n<\/table>\n<h2 class=\"wp-block-heading\">Informations compl\u00e8tes sur la protection des donn\u00e9es<\/h2>\n<h3>1. Qui est responsable du traitement de vos donn\u00e9es?<\/h3>\n<p class=\"Custom-Normal-Times\">FABRICANTES DE MENAJE, S.A..<\/p>\n<p class=\"Custom-Normal-Times\">A50040112.<\/p>\n<p class=\"Custom-Normal-Times\">CTRA. N330, KM. 486. POL. AGRINASA, NAVE 32 &#8211; 50420 &#8211; CADRETE &#8211; ZARAGOZA.<\/p>\n<p class=\"Custom-Normal-Times\">976126210.<\/p>\n<p class=\"Custom-Normal-Times\">direccion@famesa.es.<\/p>\n<h3 class=\"wp-block-heading\">2. Dans quel but traitons-nous vos donn\u00e9es personnelles?<\/h3>\n<p class=\"Custom-Normal-Times\">Chez FABRICANTES DE MENAJE, SA, nous traitons les informations qui nous sont fournies par les parties int\u00e9ress\u00e9es afin d&rsquo;effectuer la gestion administrative, comptable et fiscale des services demand\u00e9s, ainsi que d&rsquo;envoyer des communications commerciales sur nos produits et services. Si vous ne fournissez pas vos donn\u00e9es personnelles, nous ne serons pas en mesure de remplir les fonctionnalit\u00e9s d\u00e9crites ci-dessus.<\/p>\n<p class=\"Custom-Normal-Times\">Aucune d\u00e9cision automatis\u00e9e ne sera prise sur la base des donn\u00e9es fournies.<\/p>\n<h3 class=\"wp-block-heading\">3. Combien de temps conserverons-nous vos donn\u00e9es?<\/h3>\n<p class=\"Custom-Normal-Times\">Les donn\u00e9es seront conserv\u00e9es aussi longtemps que l&rsquo;int\u00e9ress\u00e9 ne demandera pas leur suppression et, le cas \u00e9ch\u00e9ant, pendant les ann\u00e9es n\u00e9cessaires au respect des obligations l\u00e9gales.<\/p>\n<h3 class=\"wp-block-heading\">4. Quelle est la l\u00e9gitimit\u00e9 du traitement de vos donn\u00e9es?<\/h3>\n<p>Nous indiquons la base juridique du traitement de vos donn\u00e9es:<\/p>\n<ul>\n<li>Ex\u00e9cution d&rsquo;un contrat : Effectuer la gestion administrative, comptable et fiscale des prestations demand\u00e9es<\/li>\n<li>Int\u00e9r\u00eat l\u00e9gitime du responsable du traitement : envoyer des communications commerciales sur nos produits et services.<\/li>\n<\/ul>\n<h3 class=\"wp-block-heading\">5. \u00c0 quels destinataires vos donn\u00e9es seront-elles communiqu\u00e9es?<\/h3>\n<p>Les donn\u00e9es seront communiqu\u00e9es aux destinataires suivants:<\/p>\n<ul>\n<li>Agence fiscale, dans le but de respecter les obligations l\u00e9gales<\/li>\n<li>Entit\u00e9s financi\u00e8res, en vue de d\u00e9livrer les re\u00e7us correspondants<\/li>\n<\/ul>\n<h3 class=\"wp-block-heading\">6. Transferts de donn\u00e9es vers des pays tiers<\/h3>\n<h3>\n<\/h3>\n<p class=\"Custom-Normal-Times\">Aucun transfert de donn\u00e9es vers des pays tiers n&rsquo;est pr\u00e9vu.<\/p>\n<h3>7. Quels sont vos droits lorsque vous nous fournissez vos donn\u00e9es?<\/h3>\n<\/p>\n<p class=\"Custom-Normal-Times\">Toute personne a le droit d&rsquo;obtenir la confirmation si FABRICANTES DE MENAJE, SA traite ou non des donn\u00e9es personnelles la concernant.<\/p>\n<p class=\"Custom-Normal-Times\">Les personnes int\u00e9ress\u00e9es ont le droit d&rsquo;acc\u00e9der \u00e0 leurs donn\u00e9es personnelles, ainsi que de demander la rectification de donn\u00e9es inexactes ou, le cas \u00e9ch\u00e9ant, de demander leur suppression lorsque, entre autres raisons, les donn\u00e9es ne sont plus n\u00e9cessaires aux fins pour lesquelles elles ont \u00e9t\u00e9 collect\u00e9es. Vous avez \u00e9galement droit \u00e0 la portabilit\u00e9 de vos donn\u00e9es.<\/p>\n<p class=\"Custom-Normal-Times\">Dans certaines circonstances, les parties int\u00e9ress\u00e9es peuvent demander la limitation du traitement de leurs donn\u00e9es, auquel cas nous les conserverons uniquement pour l&rsquo;exercice ou la d\u00e9fense de r\u00e9clamations.<\/p>\n<p class=\"Custom-Normal-Times\">Dans certaines circonstances et pour des raisons li\u00e9es \u00e0 leur situation particuli\u00e8re, les int\u00e9ress\u00e9s peuvent s&rsquo;opposer au traitement de leurs donn\u00e9es. Dans ce cas, FABRICANTES DE MENAJE, SA cessera de traiter les donn\u00e9es, sauf pour des raisons l\u00e9gitimes imp\u00e9rieuses, ou pour l&rsquo;exercice ou la d\u00e9fense d&rsquo;\u00e9ventuelles r\u00e9clamations.<\/p>\n<p class=\"Custom-Normal-Times\">Vous pouvez mat\u00e9riellement exercer vos droits de la mani\u00e8re suivante: en contactant l&rsquo;adresse du responsable du traitement<\/p>\n<p class=\"Custom-Normal-Times\">Lorsque des communications commerciales sont envoy\u00e9es en utilisant comme base l\u00e9gale l&rsquo;int\u00e9r\u00eat l\u00e9gitime du responsable, l&rsquo;int\u00e9ress\u00e9 peut s&rsquo;opposer au traitement de ses donn\u00e9es \u00e0 cette fin.<\/p>\n<p class=\"Custom-Normal-Times\">Si vous avez donn\u00e9 votre consentement pour une finalit\u00e9 sp\u00e9cifique, vous avez le droit de retirer le consentement donn\u00e9 \u00e0 tout moment, sans affecter la lic\u00e9it\u00e9 du traitement fond\u00e9 sur le consentement pr\u00e9alable \u00e0 son retrait.<\/p>\n<p class=\"Custom-Normal-Times\">Dans le cas o\u00f9 vous estimez que vos droits ont \u00e9t\u00e9 viol\u00e9s en mati\u00e8re de protection de vos donn\u00e9es personnelles, notamment lorsque vous n&rsquo;avez pas obtenu satisfaction dans l&rsquo;exercice de vos droits, vous pouvez introduire une r\u00e9clamation aupr\u00e8s de l&rsquo;autorit\u00e9 de contr\u00f4le de la protection des donn\u00e9es comp\u00e9tente via son site internet: www.aepd.es.<\/p>\n<h3>8. Comment avons-nous obtenu vos donn\u00e9es?<\/h3>\n<\/p>\n<p>Les donn\u00e9es personnelles que nous traitons chez FABRICANTES DE MENAJE, SA proviennent: De l&rsquo;int\u00e9ress\u00e9 lui-m\u00eame.<\/p>\n<p>Les cat\u00e9gories de donn\u00e9es trait\u00e9es sont:<\/p>\n<ul>\n<li>Donn\u00e9es d&rsquo;identification.<\/li>\n<li>Adresses postales et \u00e9lectroniques.<\/li>\n<\/ul>\n<\/div><div class=\"fusion-clearfix\"><\/div><\/div><\/div><\/div><\/div>","protected":false},"excerpt":{"rendered":"","protected":false},"author":1,"featured_media":0,"parent":0,"menu_order":0,"comment_status":"closed","ping_status":"open","template":"","meta":{"footnotes":""},"_links":{"self":[{"href":"https:\/\/denox.eu\/fr\/wp-json\/wp\/v2\/pages\/4274"}],"collection":[{"href":"https:\/\/denox.eu\/fr\/wp-json\/wp\/v2\/pages"}],"about":[{"href":"https:\/\/denox.eu\/fr\/wp-json\/wp\/v2\/types\/page"}],"author":[{"embeddable":true,"href":"https:\/\/denox.eu\/fr\/wp-json\/wp\/v2\/users\/1"}],"replies":[{"embeddable":true,"href":"https:\/\/denox.eu\/fr\/wp-json\/wp\/v2\/comments?post=4274"}],"version-history":[{"count":2,"href":"https:\/\/denox.eu\/fr\/wp-json\/wp\/v2\/pages\/4274\/revisions"}],"predecessor-version":[{"id":7150,"href":"https:\/\/denox.eu\/fr\/wp-json\/wp\/v2\/pages\/4274\/revisions\/7150"}],"wp:attachment":[{"href":"https:\/\/denox.eu\/fr\/wp-json\/wp\/v2\/media?parent=4274"}],"curies":[{"name":"wp","href":"https:\/\/api.w.org\/{rel}","templated":true}]}}